{"id":7502,"date":"2025-06-29T09:54:17","date_gmt":"2025-06-29T07:54:17","guid":{"rendered":"https:\/\/uj.adatbank.ro\/lexikon\/termek\/fabian-balint-gorgenyi\/"},"modified":"2025-06-29T09:54:17","modified_gmt":"2025-06-29T07:54:17","slug":"fabian-balint-gorgenyi","status":"publish","type":"product","link":"https:\/\/uj.adatbank.ro\/lexikon\/termek\/fabian-balint-gorgenyi\/","title":{"rendered":"F\u00c1BI\u00c1N B\u00e1lint, g\u00f6rg\u00e9nyi"},"content":{"rendered":"<p>? \u2020\u00a0? : pixidarius. \u2013 A F. csal\u00e1db\u00f3l \u0151 kapott pixidariusi-levelet (Gyalogoss\u00e1got) R\u00e1k\u00f3czi Zsigmondt\u00f3l (1607. \u00e1pr. 7.). <br \/><strong>Irod.:<\/strong> Kempelen; P\u00e1lmay<\/br><\/p>\n","protected":false},"excerpt":{"rendered":"<p>? \u2020\u00a0? : pixidarius. \u2013 A F. csal\u00e1db\u00f3l \u0151 kapott pixidariusi-levelet (Gyalogoss\u00e1got) R\u00e1k\u00f3czi Zsigmondt\u00f3l (1607. \u00e1pr. 7.). Irod.: Kempelen; P\u00e1lmay<\/p>\n","protected":false},"featured_media":0,"comment_status":"open","ping_status":"closed","template":"","meta":[],"product_brand":[],"product_cat":[137],"product_tag":[],"class_list":{"0":"post-7502","1":"product","2":"type-product","3":"status-publish","5":"product_cat-maros-megyei-eletrajzi-lexikon","7":"first","8":"instock","9":"shipping-taxable","10":"product-type-simple"},"_links":{"self":[{"href":"https:\/\/uj.adatbank.ro\/lexikon\/wp-json\/wp\/v2\/product\/7502","targetHints":{"allow":["GET"]}}],"collection":[{"href":"https:\/\/uj.adatbank.ro\/lexikon\/wp-json\/wp\/v2\/product"}],"about":[{"href":"https:\/\/uj.adatbank.ro\/lexikon\/wp-json\/wp\/v2\/types\/product"}],"replies":[{"embeddable":true,"href":"https:\/\/uj.adatbank.ro\/lexikon\/wp-json\/wp\/v2\/comments?post=7502"}],"wp:attachment":[{"href":"https:\/\/uj.adatbank.ro\/lexikon\/wp-json\/wp\/v2\/media?parent=7502"}],"wp:term":[{"taxonomy":"product_brand","embeddable":true,"href":"https:\/\/uj.adatbank.ro\/lexikon\/wp-json\/wp\/v2\/product_brand?post=7502"},{"taxonomy":"product_cat","embeddable":true,"href":"https:\/\/uj.adatbank.ro\/lexikon\/wp-json\/wp\/v2\/product_cat?post=7502"},{"taxonomy":"product_tag","embeddable":true,"href":"https:\/\/uj.adatbank.ro\/lexikon\/wp-json\/wp\/v2\/product_tag?post=7502"}],"curies":[{"name":"wp","href":"https:\/\/api.w.org\/{rel}","templated":true}]}}