{"id":7506,"date":"2025-06-29T09:54:22","date_gmt":"2025-06-29T07:54:22","guid":{"rendered":"https:\/\/uj.adatbank.ro\/lexikon\/termek\/fabian-erwin\/"},"modified":"2025-06-29T09:54:22","modified_gmt":"2025-06-29T07:54:22","slug":"fabian-erwin","status":"publish","type":"product","link":"https:\/\/uj.adatbank.ro\/lexikon\/termek\/fabian-erwin\/","title":{"rendered":"F\u00c1BI\u00c1N Erwin"},"content":{"rendered":"<p>Sz\u00e1szr\u00e9gen, 1888. szept. 16., \u2020 Bp., 1934. dec. 16., temett\u00e9k Sz\u00e1szr\u00e9genben: orvos. \u2013 Gimn. -ot a sz\u0171l\u0151v\u00e1ros\u00e1ban, orvosi egyetemet Grazban v\u00e9gzett, ahol a Frankonia Fi\u00faegylet tagja volt. A m. cs. kir. hadsereg katonaorvosa lett, ahol vez\u00e9rkari orvosi c. -t kapott (kapit\u00e1nyi rang), \u00e9s r\u00e9szt vett az I. vh.-ban. A h\u00e1bor\u00fa ut\u00e1n \u00e1tvette \u0151t a rom\u00e1n hadsereg, \u00e9s Lugoson lett katonaorvos (1919\u2013), kil\u00e9pett a hadseregb\u0151l, \u00e9s mag\u00e1nrendel\u0151t nyitott, az ev. egyh\u00e1z kur\u00e1tora lett. Neh\u00e9z bp.-i m\u0171t\u00e9t ut\u00e1n h\u00fanyt el, hazasz\u00e1l\u00edtott\u00e1k. <br \/><strong>Irod.:<\/strong> Reghin, militari<\/br><\/p>\n","protected":false},"excerpt":{"rendered":"<p>Sz\u00e1szr\u00e9gen, 1888. szept. 16., \u2020 Bp., 1934. dec. 16., temett\u00e9k Sz\u00e1szr\u00e9genben: orvos. \u2013 Gimn. -ot a sz\u0171l\u0151v\u00e1ros\u00e1ban, orvosi egyetemet Grazban v\u00e9gzett, ahol a Frankonia Fi\u00faegylet tagja volt. A m. cs. kir. hadsereg katonaorvosa lett, ahol vez\u00e9rkari orvosi c. -t kapott (kapit\u00e1nyi rang), \u00e9s r\u00e9szt vett az I. vh.-ban. A h\u00e1bor\u00fa ut\u00e1n \u00e1tvette \u0151t a rom\u00e1n [&hellip;]<\/p>\n","protected":false},"featured_media":0,"comment_status":"open","ping_status":"closed","template":"","meta":[],"product_brand":[],"product_cat":[137],"product_tag":[],"class_list":{"0":"post-7506","1":"product","2":"type-product","3":"status-publish","5":"product_cat-maros-megyei-eletrajzi-lexikon","7":"first","8":"instock","9":"shipping-taxable","10":"product-type-simple"},"_links":{"self":[{"href":"https:\/\/uj.adatbank.ro\/lexikon\/wp-json\/wp\/v2\/product\/7506","targetHints":{"allow":["GET"]}}],"collection":[{"href":"https:\/\/uj.adatbank.ro\/lexikon\/wp-json\/wp\/v2\/product"}],"about":[{"href":"https:\/\/uj.adatbank.ro\/lexikon\/wp-json\/wp\/v2\/types\/product"}],"replies":[{"embeddable":true,"href":"https:\/\/uj.adatbank.ro\/lexikon\/wp-json\/wp\/v2\/comments?post=7506"}],"wp:attachment":[{"href":"https:\/\/uj.adatbank.ro\/lexikon\/wp-json\/wp\/v2\/media?parent=7506"}],"wp:term":[{"taxonomy":"product_brand","embeddable":true,"href":"https:\/\/uj.adatbank.ro\/lexikon\/wp-json\/wp\/v2\/product_brand?post=7506"},{"taxonomy":"product_cat","embeddable":true,"href":"https:\/\/uj.adatbank.ro\/lexikon\/wp-json\/wp\/v2\/product_cat?post=7506"},{"taxonomy":"product_tag","embeddable":true,"href":"https:\/\/uj.adatbank.ro\/lexikon\/wp-json\/wp\/v2\/product_tag?post=7506"}],"curies":[{"name":"wp","href":"https:\/\/api.w.org\/{rel}","templated":true}]}}