{"id":7507,"date":"2025-06-29T09:54:24","date_gmt":"2025-06-29T07:54:24","guid":{"rendered":"https:\/\/uj.adatbank.ro\/lexikon\/termek\/fabian-erzsebet\/"},"modified":"2025-06-29T09:54:24","modified_gmt":"2025-06-29T07:54:24","slug":"fabian-erzsebet","status":"publish","type":"product","link":"https:\/\/uj.adatbank.ro\/lexikon\/termek\/fabian-erzsebet\/","title":{"rendered":"F\u00c1BI\u00c1N Erzs\u00e9bet"},"content":{"rendered":"<p>Mv., 1933-: : fest\u0151 \u00e9s iparm\u0171v\u00e9sz. A Kv.-i Tan\u00e1rk\u00e9pz\u0151 F\u0151iskol\u00e1n v\u00e9gzett. Cs\u00edkszered\u00e1ban rajztan\u00e1r. Egy\u00e9ni \u00e9s csoportos ki\u00e1ll\u00edt\u00e1sokon szerepelt. <br \/><strong>Irod.:<\/strong> Szab\u00f3\u2013K\u00e1llai<\/br><\/p>\n","protected":false},"excerpt":{"rendered":"<p>Mv., 1933-: : fest\u0151 \u00e9s iparm\u0171v\u00e9sz. A Kv.-i Tan\u00e1rk\u00e9pz\u0151 F\u0151iskol\u00e1n v\u00e9gzett. Cs\u00edkszered\u00e1ban rajztan\u00e1r. Egy\u00e9ni \u00e9s csoportos ki\u00e1ll\u00edt\u00e1sokon szerepelt. Irod.: Szab\u00f3\u2013K\u00e1llai<\/p>\n","protected":false},"featured_media":0,"comment_status":"open","ping_status":"closed","template":"","meta":[],"product_brand":[],"product_cat":[137],"product_tag":[],"class_list":{"0":"post-7507","1":"product","2":"type-product","3":"status-publish","5":"product_cat-maros-megyei-eletrajzi-lexikon","7":"first","8":"instock","9":"shipping-taxable","10":"product-type-simple"},"_links":{"self":[{"href":"https:\/\/uj.adatbank.ro\/lexikon\/wp-json\/wp\/v2\/product\/7507","targetHints":{"allow":["GET"]}}],"collection":[{"href":"https:\/\/uj.adatbank.ro\/lexikon\/wp-json\/wp\/v2\/product"}],"about":[{"href":"https:\/\/uj.adatbank.ro\/lexikon\/wp-json\/wp\/v2\/types\/product"}],"replies":[{"embeddable":true,"href":"https:\/\/uj.adatbank.ro\/lexikon\/wp-json\/wp\/v2\/comments?post=7507"}],"wp:attachment":[{"href":"https:\/\/uj.adatbank.ro\/lexikon\/wp-json\/wp\/v2\/media?parent=7507"}],"wp:term":[{"taxonomy":"product_brand","embeddable":true,"href":"https:\/\/uj.adatbank.ro\/lexikon\/wp-json\/wp\/v2\/product_brand?post=7507"},{"taxonomy":"product_cat","embeddable":true,"href":"https:\/\/uj.adatbank.ro\/lexikon\/wp-json\/wp\/v2\/product_cat?post=7507"},{"taxonomy":"product_tag","embeddable":true,"href":"https:\/\/uj.adatbank.ro\/lexikon\/wp-json\/wp\/v2\/product_tag?post=7507"}],"curies":[{"name":"wp","href":"https:\/\/api.w.org\/{rel}","templated":true}]}}