{"id":7510,"date":"2025-06-29T09:54:31","date_gmt":"2025-06-29T07:54:31","guid":{"rendered":"https:\/\/uj.adatbank.ro\/lexikon\/termek\/fabian-ferenc-3\/"},"modified":"2025-06-29T09:54:31","modified_gmt":"2025-06-29T07:54:31","slug":"fabian-ferenc-3","status":"publish","type":"product","link":"https:\/\/uj.adatbank.ro\/lexikon\/termek\/fabian-ferenc-3\/","title":{"rendered":"F\u00c1BI\u00c1N Ferenc"},"content":{"rendered":"<p>1905, \u2020 Mv., 1987. aug. 23.: orvos. \u2013 Feles\u00e9ge\u00a0: Borok Vilma (1914\u20132003). F\u0151orvos Mv.-en. sz\u00fcl\u00e9sz-n\u0151gy\u00f3gy\u00e1sz. &#8211;<br \/><strong>Irod.:<\/strong> Kiss-P.-P.; [Nekrol\u00f3g] (V. Z., 1987. aug. 25.)<\/br><\/p>\n","protected":false},"excerpt":{"rendered":"<p>1905, \u2020 Mv., 1987. aug. 23.: orvos. \u2013 Feles\u00e9ge\u00a0: Borok Vilma (1914\u20132003). F\u0151orvos Mv.-en. sz\u00fcl\u00e9sz-n\u0151gy\u00f3gy\u00e1sz. &#8211;Irod.: Kiss-P.-P.; [Nekrol\u00f3g] (V. Z., 1987. aug. 25.)<\/p>\n","protected":false},"featured_media":0,"comment_status":"open","ping_status":"closed","template":"","meta":[],"product_brand":[],"product_cat":[137],"product_tag":[],"class_list":{"0":"post-7510","1":"product","2":"type-product","3":"status-publish","5":"product_cat-maros-megyei-eletrajzi-lexikon","7":"first","8":"instock","9":"shipping-taxable","10":"product-type-simple"},"_links":{"self":[{"href":"https:\/\/uj.adatbank.ro\/lexikon\/wp-json\/wp\/v2\/product\/7510","targetHints":{"allow":["GET"]}}],"collection":[{"href":"https:\/\/uj.adatbank.ro\/lexikon\/wp-json\/wp\/v2\/product"}],"about":[{"href":"https:\/\/uj.adatbank.ro\/lexikon\/wp-json\/wp\/v2\/types\/product"}],"replies":[{"embeddable":true,"href":"https:\/\/uj.adatbank.ro\/lexikon\/wp-json\/wp\/v2\/comments?post=7510"}],"wp:attachment":[{"href":"https:\/\/uj.adatbank.ro\/lexikon\/wp-json\/wp\/v2\/media?parent=7510"}],"wp:term":[{"taxonomy":"product_brand","embeddable":true,"href":"https:\/\/uj.adatbank.ro\/lexikon\/wp-json\/wp\/v2\/product_brand?post=7510"},{"taxonomy":"product_cat","embeddable":true,"href":"https:\/\/uj.adatbank.ro\/lexikon\/wp-json\/wp\/v2\/product_cat?post=7510"},{"taxonomy":"product_tag","embeddable":true,"href":"https:\/\/uj.adatbank.ro\/lexikon\/wp-json\/wp\/v2\/product_tag?post=7510"}],"curies":[{"name":"wp","href":"https:\/\/api.w.org\/{rel}","templated":true}]}}