{"id":7512,"date":"2025-06-29T09:54:37","date_gmt":"2025-06-29T07:54:37","guid":{"rendered":"https:\/\/uj.adatbank.ro\/lexikon\/termek\/fabian-ferenc-5\/"},"modified":"2025-06-29T09:54:37","modified_gmt":"2025-06-29T07:54:37","slug":"fabian-ferenc-5","status":"publish","type":"product","link":"https:\/\/uj.adatbank.ro\/lexikon\/termek\/fabian-ferenc-5\/","title":{"rendered":"F\u00c1BI\u00c1N Ferenc,"},"content":{"rendered":"<p>1905, \u2020 1994. orvos. \u2013 Feles\u00e9ge: Borok Vilma (1914\u20132003). \u2013 Mv.-en v\u00e9gezte az orvosi egyetemet (1951), a n\u00e1la 20 \u00e9vvel fiatalabb gener\u00e1ci\u00f3val. Sz\u00fcl\u00e9szeti \u2013 n\u0151gy\u00f3gy\u00e1szati klinik\u00e1n dolgozott (1947\u2013), f\u0151orvos Mv.-en. <br \/><strong>Irod.:<\/strong> Kiss-P.-P..; <\/br><\/p>\n","protected":false},"excerpt":{"rendered":"<p>1905, \u2020 1994. orvos. \u2013 Feles\u00e9ge: Borok Vilma (1914\u20132003). \u2013 Mv.-en v\u00e9gezte az orvosi egyetemet (1951), a n\u00e1la 20 \u00e9vvel fiatalabb gener\u00e1ci\u00f3val. Sz\u00fcl\u00e9szeti \u2013 n\u0151gy\u00f3gy\u00e1szati klinik\u00e1n dolgozott (1947\u2013), f\u0151orvos Mv.-en. Irod.: Kiss-P.-P..;<\/p>\n","protected":false},"featured_media":0,"comment_status":"open","ping_status":"closed","template":"","meta":[],"product_brand":[],"product_cat":[137],"product_tag":[],"class_list":{"0":"post-7512","1":"product","2":"type-product","3":"status-publish","5":"product_cat-maros-megyei-eletrajzi-lexikon","7":"first","8":"instock","9":"shipping-taxable","10":"product-type-simple"},"_links":{"self":[{"href":"https:\/\/uj.adatbank.ro\/lexikon\/wp-json\/wp\/v2\/product\/7512","targetHints":{"allow":["GET"]}}],"collection":[{"href":"https:\/\/uj.adatbank.ro\/lexikon\/wp-json\/wp\/v2\/product"}],"about":[{"href":"https:\/\/uj.adatbank.ro\/lexikon\/wp-json\/wp\/v2\/types\/product"}],"replies":[{"embeddable":true,"href":"https:\/\/uj.adatbank.ro\/lexikon\/wp-json\/wp\/v2\/comments?post=7512"}],"wp:attachment":[{"href":"https:\/\/uj.adatbank.ro\/lexikon\/wp-json\/wp\/v2\/media?parent=7512"}],"wp:term":[{"taxonomy":"product_brand","embeddable":true,"href":"https:\/\/uj.adatbank.ro\/lexikon\/wp-json\/wp\/v2\/product_brand?post=7512"},{"taxonomy":"product_cat","embeddable":true,"href":"https:\/\/uj.adatbank.ro\/lexikon\/wp-json\/wp\/v2\/product_cat?post=7512"},{"taxonomy":"product_tag","embeddable":true,"href":"https:\/\/uj.adatbank.ro\/lexikon\/wp-json\/wp\/v2\/product_tag?post=7512"}],"curies":[{"name":"wp","href":"https:\/\/api.w.org\/{rel}","templated":true}]}}