{"id":7514,"date":"2025-06-29T09:54:42","date_gmt":"2025-06-29T07:54:42","guid":{"rendered":"https:\/\/uj.adatbank.ro\/lexikon\/termek\/fabian-gyorgy\/"},"modified":"2025-06-29T09:54:42","modified_gmt":"2025-06-29T07:54:42","slug":"fabian-gyorgy","status":"publish","type":"product","link":"https:\/\/uj.adatbank.ro\/lexikon\/termek\/fabian-gyorgy\/","title":{"rendered":"F\u00c1BI\u00c1N Gy\u00f6rgy"},"content":{"rendered":"<p>Als\u00f3b\u00f6lk\u00e9ny, 1916. j\u00fal. 16. \u2020\u00a0Krzywor\u00f3wnia, 1944. j\u00fan. 1.: \u0151rvezet\u0151. \u2013 Anyja F\u00e1bi\u00e1n Zsuzsa. \u2013 A 27\/III. z\u00e1szl\u00f3aljban \u0151rvezet\u0151. Saj\u00e1t akn\u00e1ra l\u00e9pett <br \/><strong>Irod.:<\/strong> Berekm\u00e9ri 2015<\/br><\/p>\n","protected":false},"excerpt":{"rendered":"<p>Als\u00f3b\u00f6lk\u00e9ny, 1916. j\u00fal. 16. \u2020\u00a0Krzywor\u00f3wnia, 1944. j\u00fan. 1.: \u0151rvezet\u0151. \u2013 Anyja F\u00e1bi\u00e1n Zsuzsa. \u2013 A 27\/III. z\u00e1szl\u00f3aljban \u0151rvezet\u0151. Saj\u00e1t akn\u00e1ra l\u00e9pett Irod.: Berekm\u00e9ri 2015<\/p>\n","protected":false},"featured_media":0,"comment_status":"open","ping_status":"closed","template":"","meta":[],"product_brand":[],"product_cat":[137],"product_tag":[],"class_list":{"0":"post-7514","1":"product","2":"type-product","3":"status-publish","5":"product_cat-maros-megyei-eletrajzi-lexikon","7":"first","8":"instock","9":"shipping-taxable","10":"product-type-simple"},"_links":{"self":[{"href":"https:\/\/uj.adatbank.ro\/lexikon\/wp-json\/wp\/v2\/product\/7514","targetHints":{"allow":["GET"]}}],"collection":[{"href":"https:\/\/uj.adatbank.ro\/lexikon\/wp-json\/wp\/v2\/product"}],"about":[{"href":"https:\/\/uj.adatbank.ro\/lexikon\/wp-json\/wp\/v2\/types\/product"}],"replies":[{"embeddable":true,"href":"https:\/\/uj.adatbank.ro\/lexikon\/wp-json\/wp\/v2\/comments?post=7514"}],"wp:attachment":[{"href":"https:\/\/uj.adatbank.ro\/lexikon\/wp-json\/wp\/v2\/media?parent=7514"}],"wp:term":[{"taxonomy":"product_brand","embeddable":true,"href":"https:\/\/uj.adatbank.ro\/lexikon\/wp-json\/wp\/v2\/product_brand?post=7514"},{"taxonomy":"product_cat","embeddable":true,"href":"https:\/\/uj.adatbank.ro\/lexikon\/wp-json\/wp\/v2\/product_cat?post=7514"},{"taxonomy":"product_tag","embeddable":true,"href":"https:\/\/uj.adatbank.ro\/lexikon\/wp-json\/wp\/v2\/product_tag?post=7514"}],"curies":[{"name":"wp","href":"https:\/\/api.w.org\/{rel}","templated":true}]}}