{"id":7516,"date":"2025-06-29T09:54:47","date_gmt":"2025-06-29T07:54:47","guid":{"rendered":"https:\/\/uj.adatbank.ro\/lexikon\/termek\/fabian-istvan-2\/"},"modified":"2025-06-29T09:54:47","modified_gmt":"2025-06-29T07:54:47","slug":"fabian-istvan-2","status":"publish","type":"product","link":"https:\/\/uj.adatbank.ro\/lexikon\/termek\/fabian-istvan-2\/","title":{"rendered":"F\u00c1BI\u00c1N Istv\u00e1n"},"content":{"rendered":"<p>Biharlonka, 1908. m\u00e1j. 8., \u2020 Sz\u00e1szr\u00e9gen, ?: a sz\u00e1szr\u00e9geni Hamlet Olajpr\u00e9s tulajdonosa. \u2013 1944 el\u0151tt \u00c9. &#8211; Amerik\u00e1ban volt, ahol saj\u00e1t bevall\u00e1sa szerint, r\u00e9szt vett az ottani munk\u00e1smegmozdul\u00e1sokban. Hazat\u00e9r\u00e9se ut\u00e1n tagja lett a RKP-nak (1945\u2013). Hamlet L\u00e1z\u00e1rt\u00f3l \u00f6r\u00f6k\u00f6lte a 18 alkalmazottat foglalkoztat\u00f3 olaj\u00fct\u0151t, amelyet \u00e1llamos\u00edtottak, \u00e9s \u00e9l\u00e9re Muzsai J\u00f3zsef tisztvisel\u0151t nevezt\u00e9k ki igazgat\u00f3nak (1948. j\u00fan. 11.). A r\u00e9geni F\u00e1bi\u00e1n, Schreiber olajpr\u00e9s, a Horia V\u00e1nyol\u00f3 \u00e9s m\u00e1s kissebb v\u00e1llalkoz\u00e1s egyes\u00edt\u00e9s\u00e9b\u0151l keletkezett a Republica V\u00e1llalat, amely a v\u00e1ros Ideiglenes Bizotts\u00e1g\u00e1nak k\u00f6zvetlen al\u00e1rendelts\u00e9g\u00e9be ker\u00fclt (1949. szept. 5). <br \/><strong>Irod.:<\/strong> Bartos Zolt\u00e1n<\/br><\/p>\n","protected":false},"excerpt":{"rendered":"<p>Biharlonka, 1908. m\u00e1j. 8., \u2020 Sz\u00e1szr\u00e9gen, ?: a sz\u00e1szr\u00e9geni Hamlet Olajpr\u00e9s tulajdonosa. \u2013 1944 el\u0151tt \u00c9. &#8211; Amerik\u00e1ban volt, ahol saj\u00e1t bevall\u00e1sa szerint, r\u00e9szt vett az ottani munk\u00e1smegmozdul\u00e1sokban. Hazat\u00e9r\u00e9se ut\u00e1n tagja lett a RKP-nak (1945\u2013). Hamlet L\u00e1z\u00e1rt\u00f3l \u00f6r\u00f6k\u00f6lte a 18 alkalmazottat foglalkoztat\u00f3 olaj\u00fct\u0151t, amelyet \u00e1llamos\u00edtottak, \u00e9s \u00e9l\u00e9re Muzsai J\u00f3zsef tisztvisel\u0151t nevezt\u00e9k ki igazgat\u00f3nak (1948. j\u00fan. [&hellip;]<\/p>\n","protected":false},"featured_media":0,"comment_status":"open","ping_status":"closed","template":"","meta":[],"product_brand":[],"product_cat":[137],"product_tag":[],"class_list":{"0":"post-7516","1":"product","2":"type-product","3":"status-publish","5":"product_cat-maros-megyei-eletrajzi-lexikon","7":"first","8":"instock","9":"shipping-taxable","10":"product-type-simple"},"_links":{"self":[{"href":"https:\/\/uj.adatbank.ro\/lexikon\/wp-json\/wp\/v2\/product\/7516","targetHints":{"allow":["GET"]}}],"collection":[{"href":"https:\/\/uj.adatbank.ro\/lexikon\/wp-json\/wp\/v2\/product"}],"about":[{"href":"https:\/\/uj.adatbank.ro\/lexikon\/wp-json\/wp\/v2\/types\/product"}],"replies":[{"embeddable":true,"href":"https:\/\/uj.adatbank.ro\/lexikon\/wp-json\/wp\/v2\/comments?post=7516"}],"wp:attachment":[{"href":"https:\/\/uj.adatbank.ro\/lexikon\/wp-json\/wp\/v2\/media?parent=7516"}],"wp:term":[{"taxonomy":"product_brand","embeddable":true,"href":"https:\/\/uj.adatbank.ro\/lexikon\/wp-json\/wp\/v2\/product_brand?post=7516"},{"taxonomy":"product_cat","embeddable":true,"href":"https:\/\/uj.adatbank.ro\/lexikon\/wp-json\/wp\/v2\/product_cat?post=7516"},{"taxonomy":"product_tag","embeddable":true,"href":"https:\/\/uj.adatbank.ro\/lexikon\/wp-json\/wp\/v2\/product_tag?post=7516"}],"curies":[{"name":"wp","href":"https:\/\/api.w.org\/{rel}","templated":true}]}}