{"id":7521,"date":"2025-06-29T09:54:57","date_gmt":"2025-06-29T07:54:57","guid":{"rendered":"https:\/\/uj.adatbank.ro\/lexikon\/termek\/fabian-martin\/"},"modified":"2025-06-29T09:54:57","modified_gmt":"2025-06-29T07:54:57","slug":"fabian-martin","status":"publish","type":"product","link":"https:\/\/uj.adatbank.ro\/lexikon\/termek\/fabian-martin\/","title":{"rendered":"F\u00c1BI\u00c1N Martin"},"content":{"rendered":"<p>? \u2020\u00a0? : \u0151rnagy. \u2013 A mv.-i securitate nyomoz\u00f3 oszt\u00e1ly titk\u00e1rs\u00e1g\u00e1n dolgozott (1952. nov. 1. \u2013), irodavezet\u0151 (1955. jan. 15. \u2013), f\u0151hadnagy (1958), sz\u00e1zados (1960), \u0151rnagy (1967). <br \/><strong>Irod.:<\/strong> Bartos 2012<\/br><\/p>\n","protected":false},"excerpt":{"rendered":"<p>? \u2020\u00a0? : \u0151rnagy. \u2013 A mv.-i securitate nyomoz\u00f3 oszt\u00e1ly titk\u00e1rs\u00e1g\u00e1n dolgozott (1952. nov. 1. \u2013), irodavezet\u0151 (1955. jan. 15. \u2013), f\u0151hadnagy (1958), sz\u00e1zados (1960), \u0151rnagy (1967). Irod.: Bartos 2012<\/p>\n","protected":false},"featured_media":0,"comment_status":"open","ping_status":"closed","template":"","meta":[],"product_brand":[],"product_cat":[137],"product_tag":[],"class_list":{"0":"post-7521","1":"product","2":"type-product","3":"status-publish","5":"product_cat-maros-megyei-eletrajzi-lexikon","7":"first","8":"instock","9":"shipping-taxable","10":"product-type-simple"},"_links":{"self":[{"href":"https:\/\/uj.adatbank.ro\/lexikon\/wp-json\/wp\/v2\/product\/7521","targetHints":{"allow":["GET"]}}],"collection":[{"href":"https:\/\/uj.adatbank.ro\/lexikon\/wp-json\/wp\/v2\/product"}],"about":[{"href":"https:\/\/uj.adatbank.ro\/lexikon\/wp-json\/wp\/v2\/types\/product"}],"replies":[{"embeddable":true,"href":"https:\/\/uj.adatbank.ro\/lexikon\/wp-json\/wp\/v2\/comments?post=7521"}],"wp:attachment":[{"href":"https:\/\/uj.adatbank.ro\/lexikon\/wp-json\/wp\/v2\/media?parent=7521"}],"wp:term":[{"taxonomy":"product_brand","embeddable":true,"href":"https:\/\/uj.adatbank.ro\/lexikon\/wp-json\/wp\/v2\/product_brand?post=7521"},{"taxonomy":"product_cat","embeddable":true,"href":"https:\/\/uj.adatbank.ro\/lexikon\/wp-json\/wp\/v2\/product_cat?post=7521"},{"taxonomy":"product_tag","embeddable":true,"href":"https:\/\/uj.adatbank.ro\/lexikon\/wp-json\/wp\/v2\/product_tag?post=7521"}],"curies":[{"name":"wp","href":"https:\/\/api.w.org\/{rel}","templated":true}]}}