{"id":7523,"date":"2025-06-29T09:55:01","date_gmt":"2025-06-29T07:55:01","guid":{"rendered":"https:\/\/uj.adatbank.ro\/lexikon\/termek\/fabian-miklos-kolpenyi\/"},"modified":"2025-06-29T09:55:01","modified_gmt":"2025-06-29T07:55:01","slug":"fabian-miklos-kolpenyi","status":"publish","type":"product","link":"https:\/\/uj.adatbank.ro\/lexikon\/termek\/fabian-miklos-kolpenyi\/","title":{"rendered":"F\u00c1BI\u00c1N Mikl\u00f3s, k\u00f6lp\u00e9nyi"},"content":{"rendered":"<p>? \u2020\u00a0? : primipilus. \u2013 A csal\u00e1db\u00f3l primipilusi (l\u00f3f\u0151s\u00e9g) levelet nyert II. R\u00e1k\u00f3czi Gy\u00f6rgyt\u0151l (1655). <br \/><strong>Irod.:<\/strong> Kempelen; P\u00e1lmay<\/br><\/p>\n","protected":false},"excerpt":{"rendered":"<p>? \u2020\u00a0? : primipilus. \u2013 A csal\u00e1db\u00f3l primipilusi (l\u00f3f\u0151s\u00e9g) levelet nyert II. R\u00e1k\u00f3czi Gy\u00f6rgyt\u0151l (1655). Irod.: Kempelen; P\u00e1lmay<\/p>\n","protected":false},"featured_media":0,"comment_status":"open","ping_status":"closed","template":"","meta":[],"product_brand":[],"product_cat":[137],"product_tag":[],"class_list":{"0":"post-7523","1":"product","2":"type-product","3":"status-publish","5":"product_cat-maros-megyei-eletrajzi-lexikon","7":"first","8":"instock","9":"shipping-taxable","10":"product-type-simple"},"_links":{"self":[{"href":"https:\/\/uj.adatbank.ro\/lexikon\/wp-json\/wp\/v2\/product\/7523","targetHints":{"allow":["GET"]}}],"collection":[{"href":"https:\/\/uj.adatbank.ro\/lexikon\/wp-json\/wp\/v2\/product"}],"about":[{"href":"https:\/\/uj.adatbank.ro\/lexikon\/wp-json\/wp\/v2\/types\/product"}],"replies":[{"embeddable":true,"href":"https:\/\/uj.adatbank.ro\/lexikon\/wp-json\/wp\/v2\/comments?post=7523"}],"wp:attachment":[{"href":"https:\/\/uj.adatbank.ro\/lexikon\/wp-json\/wp\/v2\/media?parent=7523"}],"wp:term":[{"taxonomy":"product_brand","embeddable":true,"href":"https:\/\/uj.adatbank.ro\/lexikon\/wp-json\/wp\/v2\/product_brand?post=7523"},{"taxonomy":"product_cat","embeddable":true,"href":"https:\/\/uj.adatbank.ro\/lexikon\/wp-json\/wp\/v2\/product_cat?post=7523"},{"taxonomy":"product_tag","embeddable":true,"href":"https:\/\/uj.adatbank.ro\/lexikon\/wp-json\/wp\/v2\/product_tag?post=7523"}],"curies":[{"name":"wp","href":"https:\/\/api.w.org\/{rel}","templated":true}]}}