{"id":7525,"date":"2025-06-29T09:55:04","date_gmt":"2025-06-29T07:55:04","guid":{"rendered":"https:\/\/uj.adatbank.ro\/lexikon\/termek\/fabian-odon\/"},"modified":"2025-06-29T09:55:04","modified_gmt":"2025-06-29T07:55:04","slug":"fabian-odon","status":"publish","type":"product","link":"https:\/\/uj.adatbank.ro\/lexikon\/termek\/fabian-odon\/","title":{"rendered":"F\u00c1BI\u00c1N \u00d6d\u00f6n"},"content":{"rendered":"<p>? \u2020\u00a0? : tan\u00edt\u00f3. \u2013 Igazgat\u00f3 tan\u00edt\u00f3 Ny\u00e1r\u00e1dszered\u00e1ban (1887), t\u00e1mogatta az amat\u0151r sz\u00ednj\u00e1tsz\u00e1st a K\u00f6zm\u0171vel\u0151d\u00e9si K\u00f6r keret\u00e9ben. A megyei \u00c1ltal\u00e1nos Tan\u00edt\u00f3test\u00fclet Ny\u00e1r\u00e1dmenti k\u00f6r\u00e9nek jegyz\u0151je (1887\u2013). \u2013 <strong>F. m.:<\/strong> <strong>t\u00e1rssz.:<\/strong> Maros-Torda v\u00e1rmegye f\u00f6ldrajza (Mv., 1911). <br \/><strong>Irod.:<\/strong> Eml\u00e9kk\u00f6nyv; F\u00fcl\u00f6p\u2013Ferencz; Ny\u00e1r\u00e1dszereda: Kiskalauz<\/br><\/p>\n","protected":false},"excerpt":{"rendered":"<p>? \u2020\u00a0? : tan\u00edt\u00f3. \u2013 Igazgat\u00f3 tan\u00edt\u00f3 Ny\u00e1r\u00e1dszered\u00e1ban (1887), t\u00e1mogatta az amat\u0151r sz\u00ednj\u00e1tsz\u00e1st a K\u00f6zm\u0171vel\u0151d\u00e9si K\u00f6r keret\u00e9ben. A megyei \u00c1ltal\u00e1nos Tan\u00edt\u00f3test\u00fclet Ny\u00e1r\u00e1dmenti k\u00f6r\u00e9nek jegyz\u0151je (1887\u2013). \u2013 F. m.: t\u00e1rssz.: Maros-Torda v\u00e1rmegye f\u00f6ldrajza (Mv., 1911). Irod.: Eml\u00e9kk\u00f6nyv; F\u00fcl\u00f6p\u2013Ferencz; Ny\u00e1r\u00e1dszereda: Kiskalauz<\/p>\n","protected":false},"featured_media":0,"comment_status":"open","ping_status":"closed","template":"","meta":[],"product_brand":[],"product_cat":[137],"product_tag":[],"class_list":{"0":"post-7525","1":"product","2":"type-product","3":"status-publish","5":"product_cat-maros-megyei-eletrajzi-lexikon","7":"first","8":"instock","9":"shipping-taxable","10":"product-type-simple"},"_links":{"self":[{"href":"https:\/\/uj.adatbank.ro\/lexikon\/wp-json\/wp\/v2\/product\/7525","targetHints":{"allow":["GET"]}}],"collection":[{"href":"https:\/\/uj.adatbank.ro\/lexikon\/wp-json\/wp\/v2\/product"}],"about":[{"href":"https:\/\/uj.adatbank.ro\/lexikon\/wp-json\/wp\/v2\/types\/product"}],"replies":[{"embeddable":true,"href":"https:\/\/uj.adatbank.ro\/lexikon\/wp-json\/wp\/v2\/comments?post=7525"}],"wp:attachment":[{"href":"https:\/\/uj.adatbank.ro\/lexikon\/wp-json\/wp\/v2\/media?parent=7525"}],"wp:term":[{"taxonomy":"product_brand","embeddable":true,"href":"https:\/\/uj.adatbank.ro\/lexikon\/wp-json\/wp\/v2\/product_brand?post=7525"},{"taxonomy":"product_cat","embeddable":true,"href":"https:\/\/uj.adatbank.ro\/lexikon\/wp-json\/wp\/v2\/product_cat?post=7525"},{"taxonomy":"product_tag","embeddable":true,"href":"https:\/\/uj.adatbank.ro\/lexikon\/wp-json\/wp\/v2\/product_tag?post=7525"}],"curies":[{"name":"wp","href":"https:\/\/api.w.org\/{rel}","templated":true}]}}