{"id":7526,"date":"2025-06-29T09:55:06","date_gmt":"2025-06-29T07:55:06","guid":{"rendered":"https:\/\/uj.adatbank.ro\/lexikon\/termek\/fabian-paskalis-gyorgy-fr\/"},"modified":"2025-06-29T09:55:06","modified_gmt":"2025-06-29T07:55:06","slug":"fabian-paskalis-gyorgy-fr","status":"publish","type":"product","link":"https:\/\/uj.adatbank.ro\/lexikon\/termek\/fabian-paskalis-gyorgy-fr\/","title":{"rendered":"F\u00c1BI\u00c1N PASK\u00c1LIS Gy\u00f6rgy, Fr."},"content":{"rendered":"<p>Korond, 1732., \u2020\u00a0Mikh\u00e1za, 1774. aug. 2.: ferences szerzetes, \u00e1cs. \u2013 \u00c1cs mester. Be\u00f6lt\u00f6z\u00f6tt szerzetesnek (1754. aug. 12.). <br \/><strong>Irod.:<\/strong> Gy\u00f6rgy: A ferencrendiek<\/br><\/p>\n","protected":false},"excerpt":{"rendered":"<p>Korond, 1732., \u2020\u00a0Mikh\u00e1za, 1774. aug. 2.: ferences szerzetes, \u00e1cs. \u2013 \u00c1cs mester. Be\u00f6lt\u00f6z\u00f6tt szerzetesnek (1754. aug. 12.). Irod.: Gy\u00f6rgy: A ferencrendiek<\/p>\n","protected":false},"featured_media":0,"comment_status":"open","ping_status":"closed","template":"","meta":[],"product_brand":[],"product_cat":[137],"product_tag":[],"class_list":{"0":"post-7526","1":"product","2":"type-product","3":"status-publish","5":"product_cat-maros-megyei-eletrajzi-lexikon","7":"first","8":"instock","9":"shipping-taxable","10":"product-type-simple"},"_links":{"self":[{"href":"https:\/\/uj.adatbank.ro\/lexikon\/wp-json\/wp\/v2\/product\/7526","targetHints":{"allow":["GET"]}}],"collection":[{"href":"https:\/\/uj.adatbank.ro\/lexikon\/wp-json\/wp\/v2\/product"}],"about":[{"href":"https:\/\/uj.adatbank.ro\/lexikon\/wp-json\/wp\/v2\/types\/product"}],"replies":[{"embeddable":true,"href":"https:\/\/uj.adatbank.ro\/lexikon\/wp-json\/wp\/v2\/comments?post=7526"}],"wp:attachment":[{"href":"https:\/\/uj.adatbank.ro\/lexikon\/wp-json\/wp\/v2\/media?parent=7526"}],"wp:term":[{"taxonomy":"product_brand","embeddable":true,"href":"https:\/\/uj.adatbank.ro\/lexikon\/wp-json\/wp\/v2\/product_brand?post=7526"},{"taxonomy":"product_cat","embeddable":true,"href":"https:\/\/uj.adatbank.ro\/lexikon\/wp-json\/wp\/v2\/product_cat?post=7526"},{"taxonomy":"product_tag","embeddable":true,"href":"https:\/\/uj.adatbank.ro\/lexikon\/wp-json\/wp\/v2\/product_tag?post=7526"}],"curies":[{"name":"wp","href":"https:\/\/api.w.org\/{rel}","templated":true}]}}