{"id":7527,"date":"2025-06-29T09:55:08","date_gmt":"2025-06-29T07:55:08","guid":{"rendered":"https:\/\/uj.adatbank.ro\/lexikon\/termek\/fabian-zoltan\/"},"modified":"2025-06-29T09:55:08","modified_gmt":"2025-06-29T07:55:08","slug":"fabian-zoltan","status":"publish","type":"product","link":"https:\/\/uj.adatbank.ro\/lexikon\/termek\/fabian-zoltan\/","title":{"rendered":"F\u00c1BI\u00c1N Zolt\u00e1n"},"content":{"rendered":"<p>? \u2020 ? : \u00e1llatteny\u00e9szt\u00e9si m\u00e9rn\u00f6k. \u2013 Tudom\u00e1nyos kutat\u00f3, a Mv.-i Marhateny\u00e9szt\u0151 \u00e9s Kutat\u00f3 \u00c1llom\u00e1s igazgat\u00f3ja (1955\u201357), amelynek sz\u00e9khelye Marosszentgy\u00f6rgy\u00f6n m\u0171k\u00f6d\u00f6tt. <br \/><strong>Irod.:<\/strong> Lucr\u0103ri \u015ftiin\u0163ifice<\/br><\/p>\n","protected":false},"excerpt":{"rendered":"<p>? \u2020 ? : \u00e1llatteny\u00e9szt\u00e9si m\u00e9rn\u00f6k. \u2013 Tudom\u00e1nyos kutat\u00f3, a Mv.-i Marhateny\u00e9szt\u0151 \u00e9s Kutat\u00f3 \u00c1llom\u00e1s igazgat\u00f3ja (1955\u201357), amelynek sz\u00e9khelye Marosszentgy\u00f6rgy\u00f6n m\u0171k\u00f6d\u00f6tt. Irod.: Lucr\u0103ri \u015ftiin\u0163ifice<\/p>\n","protected":false},"featured_media":0,"comment_status":"open","ping_status":"closed","template":"","meta":[],"product_brand":[],"product_cat":[137],"product_tag":[],"class_list":{"0":"post-7527","1":"product","2":"type-product","3":"status-publish","5":"product_cat-maros-megyei-eletrajzi-lexikon","7":"first","8":"instock","9":"shipping-taxable","10":"product-type-simple"},"_links":{"self":[{"href":"https:\/\/uj.adatbank.ro\/lexikon\/wp-json\/wp\/v2\/product\/7527","targetHints":{"allow":["GET"]}}],"collection":[{"href":"https:\/\/uj.adatbank.ro\/lexikon\/wp-json\/wp\/v2\/product"}],"about":[{"href":"https:\/\/uj.adatbank.ro\/lexikon\/wp-json\/wp\/v2\/types\/product"}],"replies":[{"embeddable":true,"href":"https:\/\/uj.adatbank.ro\/lexikon\/wp-json\/wp\/v2\/comments?post=7527"}],"wp:attachment":[{"href":"https:\/\/uj.adatbank.ro\/lexikon\/wp-json\/wp\/v2\/media?parent=7527"}],"wp:term":[{"taxonomy":"product_brand","embeddable":true,"href":"https:\/\/uj.adatbank.ro\/lexikon\/wp-json\/wp\/v2\/product_brand?post=7527"},{"taxonomy":"product_cat","embeddable":true,"href":"https:\/\/uj.adatbank.ro\/lexikon\/wp-json\/wp\/v2\/product_cat?post=7527"},{"taxonomy":"product_tag","embeddable":true,"href":"https:\/\/uj.adatbank.ro\/lexikon\/wp-json\/wp\/v2\/product_tag?post=7527"}],"curies":[{"name":"wp","href":"https:\/\/api.w.org\/{rel}","templated":true}]}}