{"id":7528,"date":"2025-06-29T09:55:11","date_gmt":"2025-06-29T07:55:11","guid":{"rendered":"https:\/\/uj.adatbank.ro\/lexikon\/termek\/fabian-fabyanus\/"},"modified":"2025-06-29T09:55:11","modified_gmt":"2025-06-29T07:55:11","slug":"fabian-fabyanus","status":"publish","type":"product","link":"https:\/\/uj.adatbank.ro\/lexikon\/termek\/fabian-fabyanus\/","title":{"rendered":"F\u00c1BI\u00c1N, Fabyanus"},"content":{"rendered":"<p>? \u2020\u00a0? : r. k. pap. \u2013 Marosszentgy\u00f6rgy\u00f6n szolg\u00e1lt a Szent Gy\u00f6rgy tisztelet\u00e9re \u00e9p\u00edtett \u00e9s szentelt katolikus templomban (13. sz.). Nagy \u00f6sszeget fizetett p\u00e1pai tizedk\u00e9nt (1332, 1334\u201335). <br \/><strong>Irod.:<\/strong> Ferenczi S\u00e1ndor 2009; Keresztes Gyula (N\u00fa., 1998. febr. 14.); L\u00e9sty\u00e1n \u2013 templomok 1.<\/br><\/p>\n","protected":false},"excerpt":{"rendered":"<p>? \u2020\u00a0? : r. k. pap. \u2013 Marosszentgy\u00f6rgy\u00f6n szolg\u00e1lt a Szent Gy\u00f6rgy tisztelet\u00e9re \u00e9p\u00edtett \u00e9s szentelt katolikus templomban (13. sz.). Nagy \u00f6sszeget fizetett p\u00e1pai tizedk\u00e9nt (1332, 1334\u201335). Irod.: Ferenczi S\u00e1ndor 2009; Keresztes Gyula (N\u00fa., 1998. febr. 14.); L\u00e9sty\u00e1n \u2013 templomok 1.<\/p>\n","protected":false},"featured_media":0,"comment_status":"open","ping_status":"closed","template":"","meta":[],"product_brand":[],"product_cat":[137],"product_tag":[],"class_list":{"0":"post-7528","1":"product","2":"type-product","3":"status-publish","5":"product_cat-maros-megyei-eletrajzi-lexikon","7":"first","8":"instock","9":"shipping-taxable","10":"product-type-simple"},"_links":{"self":[{"href":"https:\/\/uj.adatbank.ro\/lexikon\/wp-json\/wp\/v2\/product\/7528","targetHints":{"allow":["GET"]}}],"collection":[{"href":"https:\/\/uj.adatbank.ro\/lexikon\/wp-json\/wp\/v2\/product"}],"about":[{"href":"https:\/\/uj.adatbank.ro\/lexikon\/wp-json\/wp\/v2\/types\/product"}],"replies":[{"embeddable":true,"href":"https:\/\/uj.adatbank.ro\/lexikon\/wp-json\/wp\/v2\/comments?post=7528"}],"wp:attachment":[{"href":"https:\/\/uj.adatbank.ro\/lexikon\/wp-json\/wp\/v2\/media?parent=7528"}],"wp:term":[{"taxonomy":"product_brand","embeddable":true,"href":"https:\/\/uj.adatbank.ro\/lexikon\/wp-json\/wp\/v2\/product_brand?post=7528"},{"taxonomy":"product_cat","embeddable":true,"href":"https:\/\/uj.adatbank.ro\/lexikon\/wp-json\/wp\/v2\/product_cat?post=7528"},{"taxonomy":"product_tag","embeddable":true,"href":"https:\/\/uj.adatbank.ro\/lexikon\/wp-json\/wp\/v2\/product_tag?post=7528"}],"curies":[{"name":"wp","href":"https:\/\/api.w.org\/{rel}","templated":true}]}}