{"id":7529,"date":"2025-06-29T09:55:12","date_gmt":"2025-06-29T07:55:12","guid":{"rendered":"https:\/\/uj.adatbank.ro\/lexikon\/termek\/fabianus\/"},"modified":"2025-06-29T09:55:12","modified_gmt":"2025-06-29T07:55:12","slug":"fabianus","status":"publish","type":"product","link":"https:\/\/uj.adatbank.ro\/lexikon\/termek\/fabianus\/","title":{"rendered":"F\u00c1BI\u00c1NUS"},"content":{"rendered":"<p>? \u2020 ? : pap. \u2013 A marosszentgy\u00f6rgyi pap t\u00edz r\u00e9gi ban\u00e1list fizetett p\u00e1pai tizedk\u00e9nt (1332). &#8211;<br \/><strong>Irod.:<\/strong> Nagy-Bod\u00f3 Tibor: \u00c9p\u00edtett \u00f6r\u00f6ks\u00e9g\u00fcnk: M\u0171lt \u00e9s jelen tal\u00e1lkoz\u00e1sa (N\u00fa., 2022. m\u00e1rc. 4.)<\/br><\/p>\n","protected":false},"excerpt":{"rendered":"<p>? \u2020 ? : pap. \u2013 A marosszentgy\u00f6rgyi pap t\u00edz r\u00e9gi ban\u00e1list fizetett p\u00e1pai tizedk\u00e9nt (1332). &#8211;Irod.: Nagy-Bod\u00f3 Tibor: \u00c9p\u00edtett \u00f6r\u00f6ks\u00e9g\u00fcnk: M\u0171lt \u00e9s jelen tal\u00e1lkoz\u00e1sa (N\u00fa., 2022. m\u00e1rc. 4.)<\/p>\n","protected":false},"featured_media":0,"comment_status":"open","ping_status":"closed","template":"","meta":[],"product_brand":[],"product_cat":[137],"product_tag":[],"class_list":{"0":"post-7529","1":"product","2":"type-product","3":"status-publish","5":"product_cat-maros-megyei-eletrajzi-lexikon","7":"first","8":"instock","9":"shipping-taxable","10":"product-type-simple"},"_links":{"self":[{"href":"https:\/\/uj.adatbank.ro\/lexikon\/wp-json\/wp\/v2\/product\/7529","targetHints":{"allow":["GET"]}}],"collection":[{"href":"https:\/\/uj.adatbank.ro\/lexikon\/wp-json\/wp\/v2\/product"}],"about":[{"href":"https:\/\/uj.adatbank.ro\/lexikon\/wp-json\/wp\/v2\/types\/product"}],"replies":[{"embeddable":true,"href":"https:\/\/uj.adatbank.ro\/lexikon\/wp-json\/wp\/v2\/comments?post=7529"}],"wp:attachment":[{"href":"https:\/\/uj.adatbank.ro\/lexikon\/wp-json\/wp\/v2\/media?parent=7529"}],"wp:term":[{"taxonomy":"product_brand","embeddable":true,"href":"https:\/\/uj.adatbank.ro\/lexikon\/wp-json\/wp\/v2\/product_brand?post=7529"},{"taxonomy":"product_cat","embeddable":true,"href":"https:\/\/uj.adatbank.ro\/lexikon\/wp-json\/wp\/v2\/product_cat?post=7529"},{"taxonomy":"product_tag","embeddable":true,"href":"https:\/\/uj.adatbank.ro\/lexikon\/wp-json\/wp\/v2\/product_tag?post=7529"}],"curies":[{"name":"wp","href":"https:\/\/api.w.org\/{rel}","templated":true}]}}