{"id":7530,"date":"2025-06-29T09:55:13","date_gmt":"2025-06-29T07:55:13","guid":{"rendered":"https:\/\/uj.adatbank.ro\/lexikon\/termek\/fabini-friedrich-fabinyi-frigyes\/"},"modified":"2025-06-29T09:55:13","modified_gmt":"2025-06-29T07:55:13","slug":"fabini-friedrich-fabinyi-frigyes","status":"publish","type":"product","link":"https:\/\/uj.adatbank.ro\/lexikon\/termek\/fabini-friedrich-fabinyi-frigyes\/","title":{"rendered":"FABINI Friedrich, Fabinyi Frigyes"},"content":{"rendered":"<p>Medgyes, H\u00e1ss\u00e1g, 1788., \u2020 1864.: orvos. \u2013 Medgyesi sz\u00e1rmaz\u00e1s\u00fa, T\u00fcbingenben \u00e9s Pesten v\u00e9gzett orvosi tanulm\u00e1nyokat, Beszterce k\u00f6rny\u00e9k\u00e9n volt fizikus, szemorvos. Elnyerte azt a p\u00e1ly\u00e1zatot, amit a mv.-i helytart\u00f3tan\u00e1cs hirdetett meg az Orsz\u00e1gos Szemorvosi Tiszts\u00e9g bet\u00f6lt\u00e9s\u00e9re (1823. m\u00e1j. 1. \u2013). Mv.-en k\u00fczd\u00f6tt a jobb betegell\u00e1t\u00e1s\u00e9rt, k\u00f3rh\u00e1zi szem\u00e9szeti oszt\u00e1ly l\u00e9tes\u00edt\u00e9s\u00e9\u00e9rt, ami csak 4 \u00e9v m\u00falva val\u00f3sult meg (1827. m\u00e1rc. -\u00e1pr.) az akkori Dinnyef\u00f6ld utc\u00e1ban (mai Cuza Voda), ez a kezdete a mv.-i szemk\u00f3rh\u00e1z tev\u00e9kenys\u00e9g\u00e9nek. Az orsz\u00e1gos szem\u00e9sz f\u0151orvosi \u00e1ll\u00e1st Mv. -re \u00edrt\u00e1k ki, s erre \u0151t nevezt\u00e9k ki (1828). Kinevezt\u00e9k Nagysink-sz\u00e9k fizikus\u00e1v\u00e1 (1831. dec. 24. \u2013). <br \/><strong>Irod.:<\/strong> Fodor Ferenc 2000; F\u00fcl\u00f6p\u2013Ferencz; L\u00e1z\u00e1r Sz\u00edni Karolina: Adal\u00e9k az \u201eorsz\u00e1gos szemorvosok\u201d m\u0171k\u00f6d\u00e9s\u00e9hez Erd\u00e9lyben (1821\u20131854)  =  Spielmann J\u00f3zsef orvost\u00f6rt\u00e9n\u00e9sz eml\u00e9kk\u00f6nyve; S\u00e1ndor J\u00f3zsef: Okm\u00e1nyt\u00e1r Erd\u00e9ly leg\u00fajabb jogt\u00f6rt\u00e9nelm\u00e9hez 1848\u20131865 (Kv., 1865); Spielmann: A hazai orvostud.<\/br><\/p>\n","protected":false},"excerpt":{"rendered":"<p>Medgyes, H\u00e1ss\u00e1g, 1788., \u2020 1864.: orvos. \u2013 Medgyesi sz\u00e1rmaz\u00e1s\u00fa, T\u00fcbingenben \u00e9s Pesten v\u00e9gzett orvosi tanulm\u00e1nyokat, Beszterce k\u00f6rny\u00e9k\u00e9n volt fizikus, szemorvos. Elnyerte azt a p\u00e1ly\u00e1zatot, amit a mv.-i helytart\u00f3tan\u00e1cs hirdetett meg az Orsz\u00e1gos Szemorvosi Tiszts\u00e9g bet\u00f6lt\u00e9s\u00e9re (1823. m\u00e1j. 1. \u2013). Mv.-en k\u00fczd\u00f6tt a jobb betegell\u00e1t\u00e1s\u00e9rt, k\u00f3rh\u00e1zi szem\u00e9szeti oszt\u00e1ly l\u00e9tes\u00edt\u00e9s\u00e9\u00e9rt, ami csak 4 \u00e9v m\u00falva val\u00f3sult meg [&hellip;]<\/p>\n","protected":false},"featured_media":0,"comment_status":"open","ping_status":"closed","template":"","meta":[],"product_brand":[],"product_cat":[137],"product_tag":[],"class_list":{"0":"post-7530","1":"product","2":"type-product","3":"status-publish","5":"product_cat-maros-megyei-eletrajzi-lexikon","7":"first","8":"instock","9":"shipping-taxable","10":"product-type-simple"},"_links":{"self":[{"href":"https:\/\/uj.adatbank.ro\/lexikon\/wp-json\/wp\/v2\/product\/7530","targetHints":{"allow":["GET"]}}],"collection":[{"href":"https:\/\/uj.adatbank.ro\/lexikon\/wp-json\/wp\/v2\/product"}],"about":[{"href":"https:\/\/uj.adatbank.ro\/lexikon\/wp-json\/wp\/v2\/types\/product"}],"replies":[{"embeddable":true,"href":"https:\/\/uj.adatbank.ro\/lexikon\/wp-json\/wp\/v2\/comments?post=7530"}],"wp:attachment":[{"href":"https:\/\/uj.adatbank.ro\/lexikon\/wp-json\/wp\/v2\/media?parent=7530"}],"wp:term":[{"taxonomy":"product_brand","embeddable":true,"href":"https:\/\/uj.adatbank.ro\/lexikon\/wp-json\/wp\/v2\/product_brand?post=7530"},{"taxonomy":"product_cat","embeddable":true,"href":"https:\/\/uj.adatbank.ro\/lexikon\/wp-json\/wp\/v2\/product_cat?post=7530"},{"taxonomy":"product_tag","embeddable":true,"href":"https:\/\/uj.adatbank.ro\/lexikon\/wp-json\/wp\/v2\/product_tag?post=7530"}],"curies":[{"name":"wp","href":"https:\/\/api.w.org\/{rel}","templated":true}]}}