{"id":7535,"date":"2025-06-29T09:55:23","date_gmt":"2025-06-29T07:55:23","guid":{"rendered":"https:\/\/uj.adatbank.ro\/lexikon\/termek\/fabini-theodor\/"},"modified":"2025-06-29T09:55:23","modified_gmt":"2025-06-29T07:55:23","slug":"fabini-theodor","status":"publish","type":"product","link":"https:\/\/uj.adatbank.ro\/lexikon\/termek\/fabini-theodor\/","title":{"rendered":"FABINI Theodor"},"content":{"rendered":"<p>Medgyes, 1852. \u00e1pr. 12., \u2020\u00a0Segesv\u00e1r, 1922. dec. 4.: tan\u00e1r. \u2013 Apja pap Sz\u00e1szbog\u00e1cson. \u2013 Medgyesen v\u00e9gezte a gimn. -ot (1870), Egyetemre B\u00e9csben a B\u00f6lcs. Karon (1870\u2013), Lipcs\u00e9n a Hittud. Karon (1871\u201372), Berlinben a Hittud. Karon (1872\u201373) \u00e9s Heidelbergben a Hittud. Karon (1873) j\u00e1rt, tan\u00e1ri oklevelet szerzett (1874), teol\u00f3giai vizsg\u00e1t tett (1876). Tan\u00e1r Nagysinken (1875), Segesv\u00e1ron a sz\u00e1sz gimn.-ban t\u00f6rt\u00e9nelem-f\u00f6ldrajzot tan\u00edtott nyugalomba vonul\u00e1s\u00e1ig (1877\u20131912). A segesv\u00e1ri gimn. t\u00f6rt\u00e9net\u00e9b\u0151l \u00e9s a sz\u00e1szok k\u00fclf\u00f6ldi egyetemj\u00e1r\u00e1s\u00e1r\u00f3l k\u00f6z\u00f6lt tanulm\u00e1nyokat. Wilhelm Berwerth rektorral egy\u00fctt elk\u00e9sz\u00edtette a gimn. k\u00f6nyvt\u00e1r\u00e1nak tematikus katal\u00f3gus\u00e1t (15. 600 k\u00f6tet), amely a latin, g\u00f6r\u00f6g, h\u00e9ber, n\u00e9met, angol, francia \u00e9s olasz nyelv\u0171 k\u00f6nyveket oszt\u00e1lyozta, \u00e9s a tanul\u00f3k r\u00e9sz\u00e9re a tanult tant\u00e1rgyak szerint hozz\u00e1f\u00e9rhet\u0151v\u00e9 tette (1880\u201383). A katal\u00f3gus napjainkig fontos dokumentum. \u2013 <strong>F. m.:<\/strong> Fachtwissenschaftlicher Katalog der Bibliothek des Gymnasiums in Sch\u00e4ssburg mit einer Einleitung \u00fcberderen Entwickelung. 1880\u201383. <br \/><strong>Irod.:<\/strong> F\u00fcl\u00f6p\u2013Ferencz; Guly\u00e1s; A Magyro.-i k\u00f6z\u00e9piskol\u00e1kban 1850\u201355-ig megjelent \u00f6sszes programm\u00e9rtekez\u00e9sek repert\u00f3riuma (Bp., 1887); Sighi\u015foara; Szab\u00f3\u2013Simon\u2013Sz\u00f6gi; Szinnyei<\/br><\/p>\n","protected":false},"excerpt":{"rendered":"<p>Medgyes, 1852. \u00e1pr. 12., \u2020\u00a0Segesv\u00e1r, 1922. dec. 4.: tan\u00e1r. \u2013 Apja pap Sz\u00e1szbog\u00e1cson. \u2013 Medgyesen v\u00e9gezte a gimn. -ot (1870), Egyetemre B\u00e9csben a B\u00f6lcs. Karon (1870\u2013), Lipcs\u00e9n a Hittud. Karon (1871\u201372), Berlinben a Hittud. Karon (1872\u201373) \u00e9s Heidelbergben a Hittud. Karon (1873) j\u00e1rt, tan\u00e1ri oklevelet szerzett (1874), teol\u00f3giai vizsg\u00e1t tett (1876). Tan\u00e1r Nagysinken (1875), Segesv\u00e1ron [&hellip;]<\/p>\n","protected":false},"featured_media":0,"comment_status":"open","ping_status":"closed","template":"","meta":[],"product_brand":[],"product_cat":[137],"product_tag":[],"class_list":{"0":"post-7535","1":"product","2":"type-product","3":"status-publish","5":"product_cat-maros-megyei-eletrajzi-lexikon","7":"first","8":"instock","9":"shipping-taxable","10":"product-type-simple"},"_links":{"self":[{"href":"https:\/\/uj.adatbank.ro\/lexikon\/wp-json\/wp\/v2\/product\/7535","targetHints":{"allow":["GET"]}}],"collection":[{"href":"https:\/\/uj.adatbank.ro\/lexikon\/wp-json\/wp\/v2\/product"}],"about":[{"href":"https:\/\/uj.adatbank.ro\/lexikon\/wp-json\/wp\/v2\/types\/product"}],"replies":[{"embeddable":true,"href":"https:\/\/uj.adatbank.ro\/lexikon\/wp-json\/wp\/v2\/comments?post=7535"}],"wp:attachment":[{"href":"https:\/\/uj.adatbank.ro\/lexikon\/wp-json\/wp\/v2\/media?parent=7535"}],"wp:term":[{"taxonomy":"product_brand","embeddable":true,"href":"https:\/\/uj.adatbank.ro\/lexikon\/wp-json\/wp\/v2\/product_brand?post=7535"},{"taxonomy":"product_cat","embeddable":true,"href":"https:\/\/uj.adatbank.ro\/lexikon\/wp-json\/wp\/v2\/product_cat?post=7535"},{"taxonomy":"product_tag","embeddable":true,"href":"https:\/\/uj.adatbank.ro\/lexikon\/wp-json\/wp\/v2\/product_tag?post=7535"}],"curies":[{"name":"wp","href":"https:\/\/api.w.org\/{rel}","templated":true}]}}