{"id":7536,"date":"2025-06-29T09:55:24","date_gmt":"2025-06-29T07:55:24","guid":{"rendered":"https:\/\/uj.adatbank.ro\/lexikon\/termek\/fabini-vilmos-wilhelm\/"},"modified":"2025-06-29T09:55:24","modified_gmt":"2025-06-29T07:55:24","slug":"fabini-vilmos-wilhelm","status":"publish","type":"product","link":"https:\/\/uj.adatbank.ro\/lexikon\/termek\/fabini-vilmos-wilhelm\/","title":{"rendered":"FABINI Vilmos, Wilhelm"},"content":{"rendered":"<p>Segesv\u00e1r, 1891. m\u00e1j. 3 \u2020\u00a0? : katonaorvos. \u2013 Apja gimn. tan\u00e1r. \u2013 A segesv\u00e1ri ev. gimn.-ban \u00e9retts\u00e9gizett. Az orvosi egy. -et Kv.-on (1909\u201311), Bp.-en a KMTE \u2013en, Gr\u00e1zi Egy. Orvosi Kar\u00e1n (1911, 1913) v\u00e9gezte. R\u00e9szt vett az I. vh.-ban, a cs. kir. 72. gy. e.-ben. <br \/><strong>Irod.:<\/strong> Pro patria; Szab\u00f3\u2013Simon\u2013Sz\u00f6gi<\/br><\/p>\n","protected":false},"excerpt":{"rendered":"<p>Segesv\u00e1r, 1891. m\u00e1j. 3 \u2020\u00a0? : katonaorvos. \u2013 Apja gimn. tan\u00e1r. \u2013 A segesv\u00e1ri ev. gimn.-ban \u00e9retts\u00e9gizett. Az orvosi egy. -et Kv.-on (1909\u201311), Bp.-en a KMTE \u2013en, Gr\u00e1zi Egy. Orvosi Kar\u00e1n (1911, 1913) v\u00e9gezte. R\u00e9szt vett az I. vh.-ban, a cs. kir. 72. gy. e.-ben. Irod.: Pro patria; Szab\u00f3\u2013Simon\u2013Sz\u00f6gi<\/p>\n","protected":false},"featured_media":0,"comment_status":"open","ping_status":"closed","template":"","meta":[],"product_brand":[],"product_cat":[137],"product_tag":[],"class_list":{"0":"post-7536","1":"product","2":"type-product","3":"status-publish","5":"product_cat-maros-megyei-eletrajzi-lexikon","7":"first","8":"instock","9":"shipping-taxable","10":"product-type-simple"},"_links":{"self":[{"href":"https:\/\/uj.adatbank.ro\/lexikon\/wp-json\/wp\/v2\/product\/7536","targetHints":{"allow":["GET"]}}],"collection":[{"href":"https:\/\/uj.adatbank.ro\/lexikon\/wp-json\/wp\/v2\/product"}],"about":[{"href":"https:\/\/uj.adatbank.ro\/lexikon\/wp-json\/wp\/v2\/types\/product"}],"replies":[{"embeddable":true,"href":"https:\/\/uj.adatbank.ro\/lexikon\/wp-json\/wp\/v2\/comments?post=7536"}],"wp:attachment":[{"href":"https:\/\/uj.adatbank.ro\/lexikon\/wp-json\/wp\/v2\/media?parent=7536"}],"wp:term":[{"taxonomy":"product_brand","embeddable":true,"href":"https:\/\/uj.adatbank.ro\/lexikon\/wp-json\/wp\/v2\/product_brand?post=7536"},{"taxonomy":"product_cat","embeddable":true,"href":"https:\/\/uj.adatbank.ro\/lexikon\/wp-json\/wp\/v2\/product_cat?post=7536"},{"taxonomy":"product_tag","embeddable":true,"href":"https:\/\/uj.adatbank.ro\/lexikon\/wp-json\/wp\/v2\/product_tag?post=7536"}],"curies":[{"name":"wp","href":"https:\/\/api.w.org\/{rel}","templated":true}]}}