{"id":7537,"date":"2025-06-29T09:55:26","date_gmt":"2025-06-29T07:55:26","guid":{"rendered":"https:\/\/uj.adatbank.ro\/lexikon\/termek\/fabinyi-emma-sirhich-gyorgyne-sirchich\/"},"modified":"2025-06-29T09:55:26","modified_gmt":"2025-06-29T07:55:26","slug":"fabinyi-emma-sirhich-gyorgyne-sirchich","status":"publish","type":"product","link":"https:\/\/uj.adatbank.ro\/lexikon\/termek\/fabinyi-emma-sirhich-gyorgyne-sirchich\/","title":{"rendered":"FABINYI Emma, Sirhich Gy\u00f6rgyn\u00e9, Sirchich ?"},"content":{"rendered":"<p>Mv., 1884., \u2020\u00a0?: fest\u0151m\u0171v\u00e9sz. \u2013 Bp.-en tanult a K\u00e9pz\u0151m\u0171v\u00e9szeti F\u0151iskol\u00e1n, Glatz Oszk\u00e1rn\u00e1l. Szegeden \u00e9lt. pasztelk\u00e9pekkel szerepelt t\u00e1rlatokon (1913\u2013). <br \/><strong>Irod.:<\/strong> \u00c9ber; Moln\u00e1r; Szab\u00f3\u2013K\u00e1llai<\/br><\/p>\n","protected":false},"excerpt":{"rendered":"<p>Mv., 1884., \u2020\u00a0?: fest\u0151m\u0171v\u00e9sz. \u2013 Bp.-en tanult a K\u00e9pz\u0151m\u0171v\u00e9szeti F\u0151iskol\u00e1n, Glatz Oszk\u00e1rn\u00e1l. Szegeden \u00e9lt. pasztelk\u00e9pekkel szerepelt t\u00e1rlatokon (1913\u2013). Irod.: \u00c9ber; Moln\u00e1r; Szab\u00f3\u2013K\u00e1llai<\/p>\n","protected":false},"featured_media":0,"comment_status":"open","ping_status":"closed","template":"","meta":[],"product_brand":[],"product_cat":[137],"product_tag":[],"class_list":{"0":"post-7537","1":"product","2":"type-product","3":"status-publish","5":"product_cat-maros-megyei-eletrajzi-lexikon","7":"first","8":"instock","9":"shipping-taxable","10":"product-type-simple"},"_links":{"self":[{"href":"https:\/\/uj.adatbank.ro\/lexikon\/wp-json\/wp\/v2\/product\/7537","targetHints":{"allow":["GET"]}}],"collection":[{"href":"https:\/\/uj.adatbank.ro\/lexikon\/wp-json\/wp\/v2\/product"}],"about":[{"href":"https:\/\/uj.adatbank.ro\/lexikon\/wp-json\/wp\/v2\/types\/product"}],"replies":[{"embeddable":true,"href":"https:\/\/uj.adatbank.ro\/lexikon\/wp-json\/wp\/v2\/comments?post=7537"}],"wp:attachment":[{"href":"https:\/\/uj.adatbank.ro\/lexikon\/wp-json\/wp\/v2\/media?parent=7537"}],"wp:term":[{"taxonomy":"product_brand","embeddable":true,"href":"https:\/\/uj.adatbank.ro\/lexikon\/wp-json\/wp\/v2\/product_brand?post=7537"},{"taxonomy":"product_cat","embeddable":true,"href":"https:\/\/uj.adatbank.ro\/lexikon\/wp-json\/wp\/v2\/product_cat?post=7537"},{"taxonomy":"product_tag","embeddable":true,"href":"https:\/\/uj.adatbank.ro\/lexikon\/wp-json\/wp\/v2\/product_tag?post=7537"}],"curies":[{"name":"wp","href":"https:\/\/api.w.org\/{rel}","templated":true}]}}