{"id":7540,"date":"2025-06-29T09:55:31","date_gmt":"2025-06-29T07:55:31","guid":{"rendered":"https:\/\/uj.adatbank.ro\/lexikon\/termek\/fabri-antonius\/"},"modified":"2025-06-29T09:55:31","modified_gmt":"2025-06-29T07:55:31","slug":"fabri-antonius","status":"publish","type":"product","link":"https:\/\/uj.adatbank.ro\/lexikon\/termek\/fabri-antonius\/","title":{"rendered":"FABRI Antonius"},"content":{"rendered":"<p>? \u2020\u00a0? : r. k. pap. \u2013 A segesv\u00e1ri domonkos rend kolostortemplomnak gener\u00e1lisa (1526). Petrus Rupensissel az erd\u00e9lyi kolostorokr\u00f3l \u00e9s a domonkos rend tagjair\u00f3l k\u00e9sz\u00edtettek kimutat\u00e1st (1529). <br \/><strong>Irod.:<\/strong> L\u00e9sty\u00e1n \u2013 templomok 2.<\/br><\/p>\n","protected":false},"excerpt":{"rendered":"<p>? \u2020\u00a0? : r. k. pap. \u2013 A segesv\u00e1ri domonkos rend kolostortemplomnak gener\u00e1lisa (1526). Petrus Rupensissel az erd\u00e9lyi kolostorokr\u00f3l \u00e9s a domonkos rend tagjair\u00f3l k\u00e9sz\u00edtettek kimutat\u00e1st (1529). Irod.: L\u00e9sty\u00e1n \u2013 templomok 2.<\/p>\n","protected":false},"featured_media":0,"comment_status":"open","ping_status":"closed","template":"","meta":[],"product_brand":[],"product_cat":[137],"product_tag":[],"class_list":{"0":"post-7540","1":"product","2":"type-product","3":"status-publish","5":"product_cat-maros-megyei-eletrajzi-lexikon","7":"first","8":"instock","9":"shipping-taxable","10":"product-type-simple"},"_links":{"self":[{"href":"https:\/\/uj.adatbank.ro\/lexikon\/wp-json\/wp\/v2\/product\/7540","targetHints":{"allow":["GET"]}}],"collection":[{"href":"https:\/\/uj.adatbank.ro\/lexikon\/wp-json\/wp\/v2\/product"}],"about":[{"href":"https:\/\/uj.adatbank.ro\/lexikon\/wp-json\/wp\/v2\/types\/product"}],"replies":[{"embeddable":true,"href":"https:\/\/uj.adatbank.ro\/lexikon\/wp-json\/wp\/v2\/comments?post=7540"}],"wp:attachment":[{"href":"https:\/\/uj.adatbank.ro\/lexikon\/wp-json\/wp\/v2\/media?parent=7540"}],"wp:term":[{"taxonomy":"product_brand","embeddable":true,"href":"https:\/\/uj.adatbank.ro\/lexikon\/wp-json\/wp\/v2\/product_brand?post=7540"},{"taxonomy":"product_cat","embeddable":true,"href":"https:\/\/uj.adatbank.ro\/lexikon\/wp-json\/wp\/v2\/product_cat?post=7540"},{"taxonomy":"product_tag","embeddable":true,"href":"https:\/\/uj.adatbank.ro\/lexikon\/wp-json\/wp\/v2\/product_tag?post=7540"}],"curies":[{"name":"wp","href":"https:\/\/api.w.org\/{rel}","templated":true}]}}