{"id":7543,"date":"2025-06-29T09:55:36","date_gmt":"2025-06-29T07:55:36","guid":{"rendered":"https:\/\/uj.adatbank.ro\/lexikon\/termek\/fabricius-mihaly\/"},"modified":"2025-06-29T09:55:36","modified_gmt":"2025-06-29T07:55:36","slug":"fabricius-mihaly","status":"publish","type":"product","link":"https:\/\/uj.adatbank.ro\/lexikon\/termek\/fabricius-mihaly\/","title":{"rendered":"FABRICIUS Mih\u00e1ly"},"content":{"rendered":"<p>Apold, 17. sz, \u2020\u00a0? : ev. teol\u00f3gus. \u2013 Beiratkozott a wittenbergi egyetemre (1659. jan. 27). Latinul \u00edrt verseket. \u2013 <strong>F. m.:<\/strong> Latin \u00fcdv\u00f6zl\u0151 verse: (Wittenberg, 1659). <br \/><strong>Irod.:<\/strong> Guly\u00e1s; RMK III. 2098<\/br><\/p>\n","protected":false},"excerpt":{"rendered":"<p>Apold, 17. sz, \u2020\u00a0? : ev. teol\u00f3gus. \u2013 Beiratkozott a wittenbergi egyetemre (1659. jan. 27). Latinul \u00edrt verseket. \u2013 F. m.: Latin \u00fcdv\u00f6zl\u0151 verse: (Wittenberg, 1659). Irod.: Guly\u00e1s; RMK III. 2098<\/p>\n","protected":false},"featured_media":0,"comment_status":"open","ping_status":"closed","template":"","meta":[],"product_brand":[],"product_cat":[137],"product_tag":[],"class_list":{"0":"post-7543","1":"product","2":"type-product","3":"status-publish","5":"product_cat-maros-megyei-eletrajzi-lexikon","7":"first","8":"instock","9":"shipping-taxable","10":"product-type-simple"},"_links":{"self":[{"href":"https:\/\/uj.adatbank.ro\/lexikon\/wp-json\/wp\/v2\/product\/7543","targetHints":{"allow":["GET"]}}],"collection":[{"href":"https:\/\/uj.adatbank.ro\/lexikon\/wp-json\/wp\/v2\/product"}],"about":[{"href":"https:\/\/uj.adatbank.ro\/lexikon\/wp-json\/wp\/v2\/types\/product"}],"replies":[{"embeddable":true,"href":"https:\/\/uj.adatbank.ro\/lexikon\/wp-json\/wp\/v2\/comments?post=7543"}],"wp:attachment":[{"href":"https:\/\/uj.adatbank.ro\/lexikon\/wp-json\/wp\/v2\/media?parent=7543"}],"wp:term":[{"taxonomy":"product_brand","embeddable":true,"href":"https:\/\/uj.adatbank.ro\/lexikon\/wp-json\/wp\/v2\/product_brand?post=7543"},{"taxonomy":"product_cat","embeddable":true,"href":"https:\/\/uj.adatbank.ro\/lexikon\/wp-json\/wp\/v2\/product_cat?post=7543"},{"taxonomy":"product_tag","embeddable":true,"href":"https:\/\/uj.adatbank.ro\/lexikon\/wp-json\/wp\/v2\/product_tag?post=7543"}],"curies":[{"name":"wp","href":"https:\/\/api.w.org\/{rel}","templated":true}]}}