{"id":7545,"date":"2025-06-29T09:55:41","date_gmt":"2025-06-29T07:55:41","guid":{"rendered":"https:\/\/uj.adatbank.ro\/lexikon\/termek\/fabritius-andreas-2\/"},"modified":"2025-06-29T09:55:41","modified_gmt":"2025-06-29T07:55:41","slug":"fabritius-andreas-2","status":"publish","type":"product","link":"https:\/\/uj.adatbank.ro\/lexikon\/termek\/fabritius-andreas-2\/","title":{"rendered":"FABRITIUS Andreas"},"content":{"rendered":"<p>Segesv\u00e1r\u00a0? \u2020\u00a0? : ev. lelk\u00e9sz. \u2013 Tanult Halleban (1736). Lelkip\u00e1sztor Segesv\u00e1ron, Nagysz\u0151l\u0151s\u00f6n (1753\u20131766). <br \/><strong>Irod.:<\/strong> Szab\u00f3\u2013Sz\u00f6gi<\/br><\/p>\n","protected":false},"excerpt":{"rendered":"<p>Segesv\u00e1r\u00a0? \u2020\u00a0? : ev. lelk\u00e9sz. \u2013 Tanult Halleban (1736). Lelkip\u00e1sztor Segesv\u00e1ron, Nagysz\u0151l\u0151s\u00f6n (1753\u20131766). Irod.: Szab\u00f3\u2013Sz\u00f6gi<\/p>\n","protected":false},"featured_media":0,"comment_status":"open","ping_status":"closed","template":"","meta":[],"product_brand":[],"product_cat":[137],"product_tag":[],"class_list":{"0":"post-7545","1":"product","2":"type-product","3":"status-publish","5":"product_cat-maros-megyei-eletrajzi-lexikon","7":"first","8":"instock","9":"shipping-taxable","10":"product-type-simple"},"_links":{"self":[{"href":"https:\/\/uj.adatbank.ro\/lexikon\/wp-json\/wp\/v2\/product\/7545","targetHints":{"allow":["GET"]}}],"collection":[{"href":"https:\/\/uj.adatbank.ro\/lexikon\/wp-json\/wp\/v2\/product"}],"about":[{"href":"https:\/\/uj.adatbank.ro\/lexikon\/wp-json\/wp\/v2\/types\/product"}],"replies":[{"embeddable":true,"href":"https:\/\/uj.adatbank.ro\/lexikon\/wp-json\/wp\/v2\/comments?post=7545"}],"wp:attachment":[{"href":"https:\/\/uj.adatbank.ro\/lexikon\/wp-json\/wp\/v2\/media?parent=7545"}],"wp:term":[{"taxonomy":"product_brand","embeddable":true,"href":"https:\/\/uj.adatbank.ro\/lexikon\/wp-json\/wp\/v2\/product_brand?post=7545"},{"taxonomy":"product_cat","embeddable":true,"href":"https:\/\/uj.adatbank.ro\/lexikon\/wp-json\/wp\/v2\/product_cat?post=7545"},{"taxonomy":"product_tag","embeddable":true,"href":"https:\/\/uj.adatbank.ro\/lexikon\/wp-json\/wp\/v2\/product_tag?post=7545"}],"curies":[{"name":"wp","href":"https:\/\/api.w.org\/{rel}","templated":true}]}}