{"id":7546,"date":"2025-06-29T09:55:43","date_gmt":"2025-06-29T07:55:43","guid":{"rendered":"https:\/\/uj.adatbank.ro\/lexikon\/termek\/fabritius-johannes\/"},"modified":"2025-06-29T09:55:43","modified_gmt":"2025-06-29T07:55:43","slug":"fabritius-johannes","status":"publish","type":"product","link":"https:\/\/uj.adatbank.ro\/lexikon\/termek\/fabritius-johannes\/","title":{"rendered":"FABRITIUS Johannes"},"content":{"rendered":"<p>Segesv\u00e1r, ? \u2020 Segesv\u00e1r, 1803\u00a0: tan\u00e1r. \u2013 Tanult J\u00e9n\u00e1ban (1786). Tan\u00e1r, rektor, pr\u00e9dik\u00e1tor Segesv\u00e1ron (1788\u20131803). <br \/><strong>Irod.:<\/strong> Szab\u00f3\u2013Sz\u00f6gi<\/br><\/p>\n","protected":false},"excerpt":{"rendered":"<p>Segesv\u00e1r, ? \u2020 Segesv\u00e1r, 1803\u00a0: tan\u00e1r. \u2013 Tanult J\u00e9n\u00e1ban (1786). Tan\u00e1r, rektor, pr\u00e9dik\u00e1tor Segesv\u00e1ron (1788\u20131803). Irod.: Szab\u00f3\u2013Sz\u00f6gi<\/p>\n","protected":false},"featured_media":0,"comment_status":"open","ping_status":"closed","template":"","meta":[],"product_brand":[],"product_cat":[137],"product_tag":[],"class_list":{"0":"post-7546","1":"product","2":"type-product","3":"status-publish","5":"product_cat-maros-megyei-eletrajzi-lexikon","7":"first","8":"instock","9":"shipping-taxable","10":"product-type-simple"},"_links":{"self":[{"href":"https:\/\/uj.adatbank.ro\/lexikon\/wp-json\/wp\/v2\/product\/7546","targetHints":{"allow":["GET"]}}],"collection":[{"href":"https:\/\/uj.adatbank.ro\/lexikon\/wp-json\/wp\/v2\/product"}],"about":[{"href":"https:\/\/uj.adatbank.ro\/lexikon\/wp-json\/wp\/v2\/types\/product"}],"replies":[{"embeddable":true,"href":"https:\/\/uj.adatbank.ro\/lexikon\/wp-json\/wp\/v2\/comments?post=7546"}],"wp:attachment":[{"href":"https:\/\/uj.adatbank.ro\/lexikon\/wp-json\/wp\/v2\/media?parent=7546"}],"wp:term":[{"taxonomy":"product_brand","embeddable":true,"href":"https:\/\/uj.adatbank.ro\/lexikon\/wp-json\/wp\/v2\/product_brand?post=7546"},{"taxonomy":"product_cat","embeddable":true,"href":"https:\/\/uj.adatbank.ro\/lexikon\/wp-json\/wp\/v2\/product_cat?post=7546"},{"taxonomy":"product_tag","embeddable":true,"href":"https:\/\/uj.adatbank.ro\/lexikon\/wp-json\/wp\/v2\/product_tag?post=7546"}],"curies":[{"name":"wp","href":"https:\/\/api.w.org\/{rel}","templated":true}]}}