{"id":7551,"date":"2025-06-29T09:55:56","date_gmt":"2025-06-29T07:55:56","guid":{"rendered":"https:\/\/uj.adatbank.ro\/lexikon\/termek\/fabry-jeno\/"},"modified":"2025-06-29T09:55:56","modified_gmt":"2025-06-29T07:55:56","slug":"fabry-jeno","status":"publish","type":"product","link":"https:\/\/uj.adatbank.ro\/lexikon\/termek\/fabry-jeno\/","title":{"rendered":"F\u00c1BRY Jen\u0151"},"content":{"rendered":"<p>Pusztahollod, 1910., \u2020\u00a0? : tan\u00edt\u00f3. \u2013 Tanulm\u00e1nyait Bel\u00e9nyesen \u00e9s Nagyenyeden v\u00e9gezte. P\u00f3salakon lett tan\u00edt\u00f3 (1929), innen a nagymah\u00e1ni ref. felekezeti iskol\u00e1hoz ker\u00fclt, majd a Szil\u00e1gys\u00e1gba \u00e9s Marosj\u00e1r\u00e1ra, v\u00e9g\u00fcl G\u00f6rg\u00e9nys\u00f3akn\u00e1n tan\u00edtott (1940\u2013), ott igazgat\u00f3 lett. <br \/><strong>Irod.:<\/strong> Sz\u00e9kelyf\u00f6ld \u00ed. k.<\/br><\/p>\n","protected":false},"excerpt":{"rendered":"<p>Pusztahollod, 1910., \u2020\u00a0? : tan\u00edt\u00f3. \u2013 Tanulm\u00e1nyait Bel\u00e9nyesen \u00e9s Nagyenyeden v\u00e9gezte. P\u00f3salakon lett tan\u00edt\u00f3 (1929), innen a nagymah\u00e1ni ref. felekezeti iskol\u00e1hoz ker\u00fclt, majd a Szil\u00e1gys\u00e1gba \u00e9s Marosj\u00e1r\u00e1ra, v\u00e9g\u00fcl G\u00f6rg\u00e9nys\u00f3akn\u00e1n tan\u00edtott (1940\u2013), ott igazgat\u00f3 lett. Irod.: Sz\u00e9kelyf\u00f6ld \u00ed. k.<\/p>\n","protected":false},"featured_media":0,"comment_status":"open","ping_status":"closed","template":"","meta":[],"product_brand":[],"product_cat":[137],"product_tag":[],"class_list":{"0":"post-7551","1":"product","2":"type-product","3":"status-publish","5":"product_cat-maros-megyei-eletrajzi-lexikon","7":"first","8":"instock","9":"shipping-taxable","10":"product-type-simple"},"_links":{"self":[{"href":"https:\/\/uj.adatbank.ro\/lexikon\/wp-json\/wp\/v2\/product\/7551","targetHints":{"allow":["GET"]}}],"collection":[{"href":"https:\/\/uj.adatbank.ro\/lexikon\/wp-json\/wp\/v2\/product"}],"about":[{"href":"https:\/\/uj.adatbank.ro\/lexikon\/wp-json\/wp\/v2\/types\/product"}],"replies":[{"embeddable":true,"href":"https:\/\/uj.adatbank.ro\/lexikon\/wp-json\/wp\/v2\/comments?post=7551"}],"wp:attachment":[{"href":"https:\/\/uj.adatbank.ro\/lexikon\/wp-json\/wp\/v2\/media?parent=7551"}],"wp:term":[{"taxonomy":"product_brand","embeddable":true,"href":"https:\/\/uj.adatbank.ro\/lexikon\/wp-json\/wp\/v2\/product_brand?post=7551"},{"taxonomy":"product_cat","embeddable":true,"href":"https:\/\/uj.adatbank.ro\/lexikon\/wp-json\/wp\/v2\/product_cat?post=7551"},{"taxonomy":"product_tag","embeddable":true,"href":"https:\/\/uj.adatbank.ro\/lexikon\/wp-json\/wp\/v2\/product_tag?post=7551"}],"curies":[{"name":"wp","href":"https:\/\/api.w.org\/{rel}","templated":true}]}}