{"id":7553,"date":"2025-06-29T09:55:59","date_gmt":"2025-06-29T07:55:59","guid":{"rendered":"https:\/\/uj.adatbank.ro\/lexikon\/termek\/fagarasan-alexandru\/"},"modified":"2025-06-29T09:55:59","modified_gmt":"2025-06-29T07:55:59","slug":"fagarasan-alexandru","status":"publish","type":"product","link":"https:\/\/uj.adatbank.ro\/lexikon\/termek\/fagarasan-alexandru\/","title":{"rendered":"F\u0102G\u0102R\u0102\u015eAN Alexandru"},"content":{"rendered":"<p>Mv., 1925. j\u00fal. 26., \u2020 Mv., 1993. \u00e1pr.: sz\u00edn\u00e9sz. \u2013 Buk.-ben dr\u00e1mam\u0171v\u00e9szeti Konzervat\u00f3riumot v\u00e9gzett (1943). Sz\u00ednpadra l\u00e9pett (1943). A mv.-i Nemzeti Sz\u00ednh\u00e1z Rom\u00e1n tagozat\u00e1nak tagja (1965\u2013), a mv.-i B\u00e1bsz\u00ednh\u00e1zban is j\u00e1tszott. A Szentgy\u00f6rgyi Istv\u00e1n M\u0171v\u00e9szeti Akad. -\u00e1n lektor (1978\u201382), \u00e9s mint ilyen t\u00f6bb darabot rendezett a St\u00fadi\u00f3 Sz\u00ednh\u00e1zban, pl.: Micii burghezii, C\u00e2nd va c\u00e2nta coco\u015ful, Nu pune\u0163i dragostea la \u00eencercare. A sz\u00ednpadon t\u00f6bb mint 120 szerept alak\u00edtott. Fontosabb szerepei: Zaharia Trahanache (Caragiale: O scrisoare pierdut\u0103), Jup\u00e2n Dumitrache (Caragiale: O noapte furtunoas\u0103), Alexandru Filimon (Omul care a v\u0103zut moartea); Mo\u015f T\u0103nase (R\u0103zvan \u015fi Vidra). <br \/><strong>Irod.:<\/strong> Ariel, MMK; Todea 2013<\/br><\/p>\n","protected":false},"excerpt":{"rendered":"<p>Mv., 1925. j\u00fal. 26., \u2020 Mv., 1993. \u00e1pr.: sz\u00edn\u00e9sz. \u2013 Buk.-ben dr\u00e1mam\u0171v\u00e9szeti Konzervat\u00f3riumot v\u00e9gzett (1943). Sz\u00ednpadra l\u00e9pett (1943). A mv.-i Nemzeti Sz\u00ednh\u00e1z Rom\u00e1n tagozat\u00e1nak tagja (1965\u2013), a mv.-i B\u00e1bsz\u00ednh\u00e1zban is j\u00e1tszott. A Szentgy\u00f6rgyi Istv\u00e1n M\u0171v\u00e9szeti Akad. -\u00e1n lektor (1978\u201382), \u00e9s mint ilyen t\u00f6bb darabot rendezett a St\u00fadi\u00f3 Sz\u00ednh\u00e1zban, pl.: Micii burghezii, C\u00e2nd va c\u00e2nta coco\u015ful, [&hellip;]<\/p>\n","protected":false},"featured_media":0,"comment_status":"open","ping_status":"closed","template":"","meta":[],"product_brand":[],"product_cat":[137],"product_tag":[],"class_list":{"0":"post-7553","1":"product","2":"type-product","3":"status-publish","5":"product_cat-maros-megyei-eletrajzi-lexikon","7":"first","8":"instock","9":"shipping-taxable","10":"product-type-simple"},"_links":{"self":[{"href":"https:\/\/uj.adatbank.ro\/lexikon\/wp-json\/wp\/v2\/product\/7553","targetHints":{"allow":["GET"]}}],"collection":[{"href":"https:\/\/uj.adatbank.ro\/lexikon\/wp-json\/wp\/v2\/product"}],"about":[{"href":"https:\/\/uj.adatbank.ro\/lexikon\/wp-json\/wp\/v2\/types\/product"}],"replies":[{"embeddable":true,"href":"https:\/\/uj.adatbank.ro\/lexikon\/wp-json\/wp\/v2\/comments?post=7553"}],"wp:attachment":[{"href":"https:\/\/uj.adatbank.ro\/lexikon\/wp-json\/wp\/v2\/media?parent=7553"}],"wp:term":[{"taxonomy":"product_brand","embeddable":true,"href":"https:\/\/uj.adatbank.ro\/lexikon\/wp-json\/wp\/v2\/product_brand?post=7553"},{"taxonomy":"product_cat","embeddable":true,"href":"https:\/\/uj.adatbank.ro\/lexikon\/wp-json\/wp\/v2\/product_cat?post=7553"},{"taxonomy":"product_tag","embeddable":true,"href":"https:\/\/uj.adatbank.ro\/lexikon\/wp-json\/wp\/v2\/product_tag?post=7553"}],"curies":[{"name":"wp","href":"https:\/\/api.w.org\/{rel}","templated":true}]}}