{"id":7557,"date":"2025-06-29T09:56:07","date_gmt":"2025-06-29T07:56:07","guid":{"rendered":"https:\/\/uj.adatbank.ro\/lexikon\/termek\/faina-liciniu\/"},"modified":"2025-06-29T09:56:07","modified_gmt":"2025-06-29T07:56:07","slug":"faina-liciniu","status":"publish","type":"product","link":"https:\/\/uj.adatbank.ro\/lexikon\/termek\/faina-liciniu\/","title":{"rendered":"FAINA, Liciniu"},"content":{"rendered":"<p>? \u2020 1990.: \u00fcgyv\u00e9d. \u2013 K\u00fck\u00fcll\u0151megyei sz\u00e1rmaz\u00e1s\u00fa, a Nemzeti Parasztp\u00e1rt meghat\u00e1roz\u00f3 tagja, a kommunista rendszer \u00fcld\u00f6z\u00f6ttje, 7 \u00e9v b\u00f6rt\u00f6nt viselt, kegyelembe r\u00e9szes\u00fclt (1964). <br \/><strong>Irod.:<\/strong> Ioni\u0163oiu<\/br><\/p>\n","protected":false},"excerpt":{"rendered":"<p>? \u2020 1990.: \u00fcgyv\u00e9d. \u2013 K\u00fck\u00fcll\u0151megyei sz\u00e1rmaz\u00e1s\u00fa, a Nemzeti Parasztp\u00e1rt meghat\u00e1roz\u00f3 tagja, a kommunista rendszer \u00fcld\u00f6z\u00f6ttje, 7 \u00e9v b\u00f6rt\u00f6nt viselt, kegyelembe r\u00e9szes\u00fclt (1964). Irod.: Ioni\u0163oiu<\/p>\n","protected":false},"featured_media":0,"comment_status":"open","ping_status":"closed","template":"","meta":[],"product_brand":[],"product_cat":[137],"product_tag":[],"class_list":{"0":"post-7557","1":"product","2":"type-product","3":"status-publish","5":"product_cat-maros-megyei-eletrajzi-lexikon","7":"first","8":"instock","9":"shipping-taxable","10":"product-type-simple"},"_links":{"self":[{"href":"https:\/\/uj.adatbank.ro\/lexikon\/wp-json\/wp\/v2\/product\/7557","targetHints":{"allow":["GET"]}}],"collection":[{"href":"https:\/\/uj.adatbank.ro\/lexikon\/wp-json\/wp\/v2\/product"}],"about":[{"href":"https:\/\/uj.adatbank.ro\/lexikon\/wp-json\/wp\/v2\/types\/product"}],"replies":[{"embeddable":true,"href":"https:\/\/uj.adatbank.ro\/lexikon\/wp-json\/wp\/v2\/comments?post=7557"}],"wp:attachment":[{"href":"https:\/\/uj.adatbank.ro\/lexikon\/wp-json\/wp\/v2\/media?parent=7557"}],"wp:term":[{"taxonomy":"product_brand","embeddable":true,"href":"https:\/\/uj.adatbank.ro\/lexikon\/wp-json\/wp\/v2\/product_brand?post=7557"},{"taxonomy":"product_cat","embeddable":true,"href":"https:\/\/uj.adatbank.ro\/lexikon\/wp-json\/wp\/v2\/product_cat?post=7557"},{"taxonomy":"product_tag","embeddable":true,"href":"https:\/\/uj.adatbank.ro\/lexikon\/wp-json\/wp\/v2\/product_tag?post=7557"}],"curies":[{"name":"wp","href":"https:\/\/api.w.org\/{rel}","templated":true}]}}