{"id":7559,"date":"2025-06-29T09:56:11","date_gmt":"2025-06-29T07:56:11","guid":{"rendered":"https:\/\/uj.adatbank.ro\/lexikon\/termek\/falk-ferenc\/"},"modified":"2025-06-29T09:56:11","modified_gmt":"2025-06-29T07:56:11","slug":"falk-ferenc","status":"publish","type":"product","link":"https:\/\/uj.adatbank.ro\/lexikon\/termek\/falk-ferenc\/","title":{"rendered":"FALK Ferenc"},"content":{"rendered":"<p>? \u2020\u00a01787. nov.: r. k. pap. \u2013 Gyulafeh\u00e9rv\u00e1ron tanult (1775\u201378). Papp\u00e1 szentelt\u00e9k Gyulafeh\u00e9rv\u00e1ron (1777. m\u00e1j. 24.). Pl\u00e9b\u00e1nos Erkeden (1779). <br \/><strong>Irod.:<\/strong> Ferenczi S\u00e1ndor 2009<\/br><\/p>\n","protected":false},"excerpt":{"rendered":"<p>? \u2020\u00a01787. nov.: r. k. pap. \u2013 Gyulafeh\u00e9rv\u00e1ron tanult (1775\u201378). Papp\u00e1 szentelt\u00e9k Gyulafeh\u00e9rv\u00e1ron (1777. m\u00e1j. 24.). Pl\u00e9b\u00e1nos Erkeden (1779). Irod.: Ferenczi S\u00e1ndor 2009<\/p>\n","protected":false},"featured_media":0,"comment_status":"open","ping_status":"closed","template":"","meta":[],"product_brand":[],"product_cat":[137],"product_tag":[],"class_list":{"0":"post-7559","1":"product","2":"type-product","3":"status-publish","5":"product_cat-maros-megyei-eletrajzi-lexikon","7":"first","8":"instock","9":"shipping-taxable","10":"product-type-simple"},"_links":{"self":[{"href":"https:\/\/uj.adatbank.ro\/lexikon\/wp-json\/wp\/v2\/product\/7559","targetHints":{"allow":["GET"]}}],"collection":[{"href":"https:\/\/uj.adatbank.ro\/lexikon\/wp-json\/wp\/v2\/product"}],"about":[{"href":"https:\/\/uj.adatbank.ro\/lexikon\/wp-json\/wp\/v2\/types\/product"}],"replies":[{"embeddable":true,"href":"https:\/\/uj.adatbank.ro\/lexikon\/wp-json\/wp\/v2\/comments?post=7559"}],"wp:attachment":[{"href":"https:\/\/uj.adatbank.ro\/lexikon\/wp-json\/wp\/v2\/media?parent=7559"}],"wp:term":[{"taxonomy":"product_brand","embeddable":true,"href":"https:\/\/uj.adatbank.ro\/lexikon\/wp-json\/wp\/v2\/product_brand?post=7559"},{"taxonomy":"product_cat","embeddable":true,"href":"https:\/\/uj.adatbank.ro\/lexikon\/wp-json\/wp\/v2\/product_cat?post=7559"},{"taxonomy":"product_tag","embeddable":true,"href":"https:\/\/uj.adatbank.ro\/lexikon\/wp-json\/wp\/v2\/product_tag?post=7559"}],"curies":[{"name":"wp","href":"https:\/\/api.w.org\/{rel}","templated":true}]}}