{"id":7560,"date":"2025-06-29T09:56:14","date_gmt":"2025-06-29T07:56:14","guid":{"rendered":"https:\/\/uj.adatbank.ro\/lexikon\/termek\/falka-samuel-bikfalvi\/"},"modified":"2025-06-29T09:56:14","modified_gmt":"2025-06-29T07:56:14","slug":"falka-samuel-bikfalvi","status":"publish","type":"product","link":"https:\/\/uj.adatbank.ro\/lexikon\/termek\/falka-samuel-bikfalvi\/","title":{"rendered":"FALKA S\u00e1muel, bikfalvi"},"content":{"rendered":"<p>Fogaras, 1766. m\u00e1j. 4., \u2020 Buda, 1826. jan. 20.: nyomd\u00e1sz, r\u00e9z- \u00e9s bet\u0171metsz\u0151. \u2013 Nagyszebenben Neuhauser Ferenc fest\u0151n\u00e9l rajztanulm\u00e1nyokat folytatott, majd gr. Teleki S\u00e1muel t\u00e1mogat\u00e1s\u00e1val B\u00e9cs\u00adben K\u00f3r\u00e9h Zsigmond fest\u0151 \u00e9s r\u00e9zmetsz\u0151n\u00e9l, ill. a k\u00e9pz\u0151m\u0171v. akad. -n tanult. A b\u00e9csi p\u00e9nz\u00adverd\u00e9ben ismerkedett meg a r\u00e9z- \u00e9s bet\u0171\u00admetsz\u00e9s technik\u00e1j\u00e1val, egy nyomd\u00e1ban bet\u0171- \u00e9s t\u00f6mb\u00f6nt\u00e9si gyakorlatot szerzett. Els\u0151sorban bet\u0171metsz\u00e9ssel foglalkozott (1791\u2013), els\u0151 megjelent k\u00f6nyve az \u00e1ltala metszett bet\u0171kkel \u2013 gr. Teleki S\u00e1muel mv.-i k\u00f6nyvt\u00e1r\u00e1nak kata\u00adl\u00f3gusa (1796). A budai Egy. Nyomda bet\u0171metsz\u0151 \u00e9s \u00f6nt\u0151 m\u0171hely\u00e9nek vezet\u0151jev (1798\u2013), az \u0151 bet\u0171i\u00advel k\u00e9sz\u00fcltek az Egy. Nyomda leg\u00edzl\u00e9sesebb kiadv\u00e1nyai (kb. 1830-ig), k\u00f6zt\u00fck Verseghy Ferenc Agl\u00e1ja (1806), Kisfaludy S\u00e1ndor Himfy szerelmei (1807), valamint az Erd\u00e9lyi M\u00fazeum. k\u00f6tetei (1814\u201318). Bet\u0171m\u0171v\u00e9szete a reformkor tipogr\u00e1fiai st\u00edlus\u00e1ra is hat\u00e1ssal volt. Kiv\u00e1l\u00f3 r\u00e9zmetsz\u0151 is volt. <br \/><strong>Irod.:<\/strong> Fund\u00e1lok, pall\u00e9rok; \u00daM\u00c9L<\/br><\/p>\n","protected":false},"excerpt":{"rendered":"<p>Fogaras, 1766. m\u00e1j. 4., \u2020 Buda, 1826. jan. 20.: nyomd\u00e1sz, r\u00e9z- \u00e9s bet\u0171metsz\u0151. \u2013 Nagyszebenben Neuhauser Ferenc fest\u0151n\u00e9l rajztanulm\u00e1nyokat folytatott, majd gr. Teleki S\u00e1muel t\u00e1mogat\u00e1s\u00e1val B\u00e9cs\u00adben K\u00f3r\u00e9h Zsigmond fest\u0151 \u00e9s r\u00e9zmetsz\u0151n\u00e9l, ill. a k\u00e9pz\u0151m\u0171v. akad. -n tanult. A b\u00e9csi p\u00e9nz\u00adverd\u00e9ben ismerkedett meg a r\u00e9z- \u00e9s bet\u0171\u00admetsz\u00e9s technik\u00e1j\u00e1val, egy nyomd\u00e1ban bet\u0171- \u00e9s t\u00f6mb\u00f6nt\u00e9si gyakorlatot szerzett. Els\u0151sorban [&hellip;]<\/p>\n","protected":false},"featured_media":0,"comment_status":"open","ping_status":"closed","template":"","meta":[],"product_brand":[],"product_cat":[137],"product_tag":[],"class_list":{"0":"post-7560","1":"product","2":"type-product","3":"status-publish","5":"product_cat-maros-megyei-eletrajzi-lexikon","7":"first","8":"instock","9":"shipping-taxable","10":"product-type-simple"},"_links":{"self":[{"href":"https:\/\/uj.adatbank.ro\/lexikon\/wp-json\/wp\/v2\/product\/7560","targetHints":{"allow":["GET"]}}],"collection":[{"href":"https:\/\/uj.adatbank.ro\/lexikon\/wp-json\/wp\/v2\/product"}],"about":[{"href":"https:\/\/uj.adatbank.ro\/lexikon\/wp-json\/wp\/v2\/types\/product"}],"replies":[{"embeddable":true,"href":"https:\/\/uj.adatbank.ro\/lexikon\/wp-json\/wp\/v2\/comments?post=7560"}],"wp:attachment":[{"href":"https:\/\/uj.adatbank.ro\/lexikon\/wp-json\/wp\/v2\/media?parent=7560"}],"wp:term":[{"taxonomy":"product_brand","embeddable":true,"href":"https:\/\/uj.adatbank.ro\/lexikon\/wp-json\/wp\/v2\/product_brand?post=7560"},{"taxonomy":"product_cat","embeddable":true,"href":"https:\/\/uj.adatbank.ro\/lexikon\/wp-json\/wp\/v2\/product_cat?post=7560"},{"taxonomy":"product_tag","embeddable":true,"href":"https:\/\/uj.adatbank.ro\/lexikon\/wp-json\/wp\/v2\/product_tag?post=7560"}],"curies":[{"name":"wp","href":"https:\/\/api.w.org\/{rel}","templated":true}]}}