{"id":7561,"date":"2025-06-29T09:56:15","date_gmt":"2025-06-29T07:56:15","guid":{"rendered":"https:\/\/uj.adatbank.ro\/lexikon\/termek\/falkenstein-mariska\/"},"modified":"2025-06-29T09:56:15","modified_gmt":"2025-06-29T07:56:15","slug":"falkenstein-mariska","status":"publish","type":"product","link":"https:\/\/uj.adatbank.ro\/lexikon\/termek\/falkenstein-mariska\/","title":{"rendered":"FALKENSTEIN Mariska"},"content":{"rendered":"<p>? \u2020\u00a0?\u00a0: \u00edr\u00f3. \u2013 A mv. i Olt\u00e1regyes\u00fclet titk\u00e1ra, szak\u00edr\u00f3. \u2013 Cikkeit k\u00f6z\u00f6lte: Az Erd\u00e9lyi Olt\u00e1regyes\u00fclet Lapj\u00e1 (1904). \u2013 <strong>F. m.:<\/strong> Le\u00e1ny\u00e1lmok (Mv., 1904). <br \/><strong>Irod.:<\/strong> Guly\u00e1s<\/br><\/p>\n","protected":false},"excerpt":{"rendered":"<p>? \u2020\u00a0?\u00a0: \u00edr\u00f3. \u2013 A mv. i Olt\u00e1regyes\u00fclet titk\u00e1ra, szak\u00edr\u00f3. \u2013 Cikkeit k\u00f6z\u00f6lte: Az Erd\u00e9lyi Olt\u00e1regyes\u00fclet Lapj\u00e1 (1904). \u2013 F. m.: Le\u00e1ny\u00e1lmok (Mv., 1904). Irod.: Guly\u00e1s<\/p>\n","protected":false},"featured_media":0,"comment_status":"open","ping_status":"closed","template":"","meta":[],"product_brand":[],"product_cat":[137],"product_tag":[],"class_list":{"0":"post-7561","1":"product","2":"type-product","3":"status-publish","5":"product_cat-maros-megyei-eletrajzi-lexikon","7":"first","8":"instock","9":"shipping-taxable","10":"product-type-simple"},"_links":{"self":[{"href":"https:\/\/uj.adatbank.ro\/lexikon\/wp-json\/wp\/v2\/product\/7561","targetHints":{"allow":["GET"]}}],"collection":[{"href":"https:\/\/uj.adatbank.ro\/lexikon\/wp-json\/wp\/v2\/product"}],"about":[{"href":"https:\/\/uj.adatbank.ro\/lexikon\/wp-json\/wp\/v2\/types\/product"}],"replies":[{"embeddable":true,"href":"https:\/\/uj.adatbank.ro\/lexikon\/wp-json\/wp\/v2\/comments?post=7561"}],"wp:attachment":[{"href":"https:\/\/uj.adatbank.ro\/lexikon\/wp-json\/wp\/v2\/media?parent=7561"}],"wp:term":[{"taxonomy":"product_brand","embeddable":true,"href":"https:\/\/uj.adatbank.ro\/lexikon\/wp-json\/wp\/v2\/product_brand?post=7561"},{"taxonomy":"product_cat","embeddable":true,"href":"https:\/\/uj.adatbank.ro\/lexikon\/wp-json\/wp\/v2\/product_cat?post=7561"},{"taxonomy":"product_tag","embeddable":true,"href":"https:\/\/uj.adatbank.ro\/lexikon\/wp-json\/wp\/v2\/product_tag?post=7561"}],"curies":[{"name":"wp","href":"https:\/\/api.w.org\/{rel}","templated":true}]}}