{"id":7562,"date":"2025-06-29T09:56:17","date_gmt":"2025-06-29T07:56:17","guid":{"rendered":"https:\/\/uj.adatbank.ro\/lexikon\/termek\/fall-erzsebet-fall-sandorne\/"},"modified":"2025-06-29T09:56:17","modified_gmt":"2025-06-29T07:56:17","slug":"fall-erzsebet-fall-sandorne","status":"publish","type":"product","link":"https:\/\/uj.adatbank.ro\/lexikon\/termek\/fall-erzsebet-fall-sandorne\/","title":{"rendered":"FALL Erzs\u00e9bet, Fall S\u00e1ndorn\u00e9"},"content":{"rendered":"<p>Mv., 1901. j\u00fal. 6., \u2020 ? eltemetve Mv-en, 2008. okt. 27.: gy\u00f3gyszer\u00e9sz. \u2013 Gy\u00f3gyszer\u00e9sz oklevelet Szegeden kapott a FJTE-en (1929). <br \/><strong>Irod.:<\/strong> [Nekrol\u00f3g] (N\u00fa., 2008. okt. 26.?); P\u00e9ter H. M.; P\u00e9ter H. M. 2013<\/br><\/p>\n","protected":false},"excerpt":{"rendered":"<p>Mv., 1901. j\u00fal. 6., \u2020 ? eltemetve Mv-en, 2008. okt. 27.: gy\u00f3gyszer\u00e9sz. \u2013 Gy\u00f3gyszer\u00e9sz oklevelet Szegeden kapott a FJTE-en (1929). Irod.: [Nekrol\u00f3g] (N\u00fa., 2008. okt. 26.?); P\u00e9ter H. M.; P\u00e9ter H. M. 2013<\/p>\n","protected":false},"featured_media":0,"comment_status":"open","ping_status":"closed","template":"","meta":[],"product_brand":[],"product_cat":[137],"product_tag":[],"class_list":{"0":"post-7562","1":"product","2":"type-product","3":"status-publish","5":"product_cat-maros-megyei-eletrajzi-lexikon","7":"first","8":"instock","9":"shipping-taxable","10":"product-type-simple"},"_links":{"self":[{"href":"https:\/\/uj.adatbank.ro\/lexikon\/wp-json\/wp\/v2\/product\/7562","targetHints":{"allow":["GET"]}}],"collection":[{"href":"https:\/\/uj.adatbank.ro\/lexikon\/wp-json\/wp\/v2\/product"}],"about":[{"href":"https:\/\/uj.adatbank.ro\/lexikon\/wp-json\/wp\/v2\/types\/product"}],"replies":[{"embeddable":true,"href":"https:\/\/uj.adatbank.ro\/lexikon\/wp-json\/wp\/v2\/comments?post=7562"}],"wp:attachment":[{"href":"https:\/\/uj.adatbank.ro\/lexikon\/wp-json\/wp\/v2\/media?parent=7562"}],"wp:term":[{"taxonomy":"product_brand","embeddable":true,"href":"https:\/\/uj.adatbank.ro\/lexikon\/wp-json\/wp\/v2\/product_brand?post=7562"},{"taxonomy":"product_cat","embeddable":true,"href":"https:\/\/uj.adatbank.ro\/lexikon\/wp-json\/wp\/v2\/product_cat?post=7562"},{"taxonomy":"product_tag","embeddable":true,"href":"https:\/\/uj.adatbank.ro\/lexikon\/wp-json\/wp\/v2\/product_tag?post=7562"}],"curies":[{"name":"wp","href":"https:\/\/api.w.org\/{rel}","templated":true}]}}