{"id":7563,"date":"2025-06-29T09:56:18","date_gmt":"2025-06-29T07:56:18","guid":{"rendered":"https:\/\/uj.adatbank.ro\/lexikon\/termek\/fall-gizella\/"},"modified":"2025-06-29T09:56:18","modified_gmt":"2025-06-29T07:56:18","slug":"fall-gizella","status":"publish","type":"product","link":"https:\/\/uj.adatbank.ro\/lexikon\/termek\/fall-gizella\/","title":{"rendered":"FALL Gizella"},"content":{"rendered":"<p>Sz\u00e1szr\u00e9gen, ? \u2020\u00a0? : okleveles sz\u00fcl\u00e9szn\u0151 \u00e9s v\u00e9d\u0151n\u0151. \u2013 A k\u00f6z\u00e9piskol\u00e1t Sz\u00e1szr\u00e9genben \u00e9s Mv.-en v\u00e9gezte, ahol le\u00e9retts\u00e9gizett, azut\u00e1n \u00e1pol\u00f3n\u0151i \u00e9s v\u00e9d\u0151n\u0151i oklevelet szerzett Br\u00fcsszelben, sz\u00fcl\u00e9szn\u0151i oklevelet pedig Nagyv\u00e1radon kapott. M\u0171k\u00f6d\u00e9s\u00e9t Br\u00fcsszelben kezdte meg, majd Kv.-on, Buk.-ben \u00e9s Cs\u00edksomly\u00f3n folytatta. <br \/><strong>Irod.:<\/strong> Sz\u00e9kelyf\u00f6ld \u00ed. k.<\/br><\/p>\n","protected":false},"excerpt":{"rendered":"<p>Sz\u00e1szr\u00e9gen, ? \u2020\u00a0? : okleveles sz\u00fcl\u00e9szn\u0151 \u00e9s v\u00e9d\u0151n\u0151. \u2013 A k\u00f6z\u00e9piskol\u00e1t Sz\u00e1szr\u00e9genben \u00e9s Mv.-en v\u00e9gezte, ahol le\u00e9retts\u00e9gizett, azut\u00e1n \u00e1pol\u00f3n\u0151i \u00e9s v\u00e9d\u0151n\u0151i oklevelet szerzett Br\u00fcsszelben, sz\u00fcl\u00e9szn\u0151i oklevelet pedig Nagyv\u00e1radon kapott. M\u0171k\u00f6d\u00e9s\u00e9t Br\u00fcsszelben kezdte meg, majd Kv.-on, Buk.-ben \u00e9s Cs\u00edksomly\u00f3n folytatta. Irod.: Sz\u00e9kelyf\u00f6ld \u00ed. k.<\/p>\n","protected":false},"featured_media":0,"comment_status":"open","ping_status":"closed","template":"","meta":[],"product_brand":[],"product_cat":[137],"product_tag":[],"class_list":{"0":"post-7563","1":"product","2":"type-product","3":"status-publish","5":"product_cat-maros-megyei-eletrajzi-lexikon","7":"first","8":"instock","9":"shipping-taxable","10":"product-type-simple"},"_links":{"self":[{"href":"https:\/\/uj.adatbank.ro\/lexikon\/wp-json\/wp\/v2\/product\/7563","targetHints":{"allow":["GET"]}}],"collection":[{"href":"https:\/\/uj.adatbank.ro\/lexikon\/wp-json\/wp\/v2\/product"}],"about":[{"href":"https:\/\/uj.adatbank.ro\/lexikon\/wp-json\/wp\/v2\/types\/product"}],"replies":[{"embeddable":true,"href":"https:\/\/uj.adatbank.ro\/lexikon\/wp-json\/wp\/v2\/comments?post=7563"}],"wp:attachment":[{"href":"https:\/\/uj.adatbank.ro\/lexikon\/wp-json\/wp\/v2\/media?parent=7563"}],"wp:term":[{"taxonomy":"product_brand","embeddable":true,"href":"https:\/\/uj.adatbank.ro\/lexikon\/wp-json\/wp\/v2\/product_brand?post=7563"},{"taxonomy":"product_cat","embeddable":true,"href":"https:\/\/uj.adatbank.ro\/lexikon\/wp-json\/wp\/v2\/product_cat?post=7563"},{"taxonomy":"product_tag","embeddable":true,"href":"https:\/\/uj.adatbank.ro\/lexikon\/wp-json\/wp\/v2\/product_tag?post=7563"}],"curies":[{"name":"wp","href":"https:\/\/api.w.org\/{rel}","templated":true}]}}