{"id":7565,"date":"2025-06-29T09:56:22","date_gmt":"2025-06-29T07:56:22","guid":{"rendered":"https:\/\/uj.adatbank.ro\/lexikon\/termek\/fall-sandor\/"},"modified":"2025-06-29T09:56:22","modified_gmt":"2025-06-29T07:56:22","slug":"fall-sandor","status":"publish","type":"product","link":"https:\/\/uj.adatbank.ro\/lexikon\/termek\/fall-sandor\/","title":{"rendered":"FALL S\u00e1ndor"},"content":{"rendered":"<p>1912., \u2020\u00a0Mv., 1985. nov. 16.: tisztvisel\u0151, keramikus, \u2013 Mv.-i n\u00e9ptan\u00e1csi tisztvisel\u0151, m\u0171kedvel\u0151 keramikus. A N\u00e9pi M\u0171v\u00e9szeti Iskol\u00e1ban tanult D\u00e9nes Attila k\u00e9pz\u0151m\u0171v\u00e9sz ir\u00e1ny\u00edt\u00e1s\u00e1val, a mv.-i Amat\u00f6r K\u00e9pz\u0151m\u0171v\u00e9szeti Sz\u00f6vets\u00e9g tagja, ill. titk\u00e1ra. <br \/><strong>Irod.:<\/strong> Varga S\u00e1ndor: F. S. ker\u00e1mikus ki\u00e1ll\u00edt\u00e1sa (V. Z., 1981. szept. 26.); [Nekrol\u00f3g] (V. Z., 1985. nov. 17.)<\/br><\/p>\n","protected":false},"excerpt":{"rendered":"<p>1912., \u2020\u00a0Mv., 1985. nov. 16.: tisztvisel\u0151, keramikus, \u2013 Mv.-i n\u00e9ptan\u00e1csi tisztvisel\u0151, m\u0171kedvel\u0151 keramikus. A N\u00e9pi M\u0171v\u00e9szeti Iskol\u00e1ban tanult D\u00e9nes Attila k\u00e9pz\u0151m\u0171v\u00e9sz ir\u00e1ny\u00edt\u00e1s\u00e1val, a mv.-i Amat\u00f6r K\u00e9pz\u0151m\u0171v\u00e9szeti Sz\u00f6vets\u00e9g tagja, ill. titk\u00e1ra. Irod.: Varga S\u00e1ndor: F. S. ker\u00e1mikus ki\u00e1ll\u00edt\u00e1sa (V. Z., 1981. szept. 26.); [Nekrol\u00f3g] (V. Z., 1985. nov. 17.)<\/p>\n","protected":false},"featured_media":0,"comment_status":"open","ping_status":"closed","template":"","meta":[],"product_brand":[],"product_cat":[137],"product_tag":[],"class_list":{"0":"post-7565","1":"product","2":"type-product","3":"status-publish","5":"product_cat-maros-megyei-eletrajzi-lexikon","7":"first","8":"instock","9":"shipping-taxable","10":"product-type-simple"},"_links":{"self":[{"href":"https:\/\/uj.adatbank.ro\/lexikon\/wp-json\/wp\/v2\/product\/7565","targetHints":{"allow":["GET"]}}],"collection":[{"href":"https:\/\/uj.adatbank.ro\/lexikon\/wp-json\/wp\/v2\/product"}],"about":[{"href":"https:\/\/uj.adatbank.ro\/lexikon\/wp-json\/wp\/v2\/types\/product"}],"replies":[{"embeddable":true,"href":"https:\/\/uj.adatbank.ro\/lexikon\/wp-json\/wp\/v2\/comments?post=7565"}],"wp:attachment":[{"href":"https:\/\/uj.adatbank.ro\/lexikon\/wp-json\/wp\/v2\/media?parent=7565"}],"wp:term":[{"taxonomy":"product_brand","embeddable":true,"href":"https:\/\/uj.adatbank.ro\/lexikon\/wp-json\/wp\/v2\/product_brand?post=7565"},{"taxonomy":"product_cat","embeddable":true,"href":"https:\/\/uj.adatbank.ro\/lexikon\/wp-json\/wp\/v2\/product_cat?post=7565"},{"taxonomy":"product_tag","embeddable":true,"href":"https:\/\/uj.adatbank.ro\/lexikon\/wp-json\/wp\/v2\/product_tag?post=7565"}],"curies":[{"name":"wp","href":"https:\/\/api.w.org\/{rel}","templated":true}]}}