{"id":7566,"date":"2025-06-29T09:56:25","date_gmt":"2025-06-29T07:56:25","guid":{"rendered":"https:\/\/uj.adatbank.ro\/lexikon\/termek\/fall-sandor-2\/"},"modified":"2025-06-29T09:56:25","modified_gmt":"2025-06-29T07:56:25","slug":"fall-sandor-2","status":"publish","type":"product","link":"https:\/\/uj.adatbank.ro\/lexikon\/termek\/fall-sandor-2\/","title":{"rendered":"FALL S\u00e1ndor"},"content":{"rendered":"<p>Mv., 1924. \u2020\u00a0Mv., 2008. okt. 27.: a temet\u00e9s napja: orvos. \u2013 Feles\u00e9ge: Solymosi Erzs\u00e9bet (1925\u20132005): fogorvos. L\u00e1nyaik: F. Judit; Katalin dr. Barab\u00e1ssy S\u00e1ndorn\u00e9 \u2013 Tan\u00e1rseg\u00e9d az OGYI Farmakol\u00f3gia katedr\u00e1j\u00e1n (1953\u201355). Belgy\u00f3gy\u00e1sz. N\u00e9meto. -ba t\u00e1vozott (80-as \u00e9vek). <br \/><strong>Irod.:<\/strong> Genersich; Kiss-P.-P.; Mv.-i Gy\u00f3gyszer\u00e9szeti Kar; [Nekrol\u00f3g] (N\u00fa., 2008. okt. 26.)<\/br><\/p>\n","protected":false},"excerpt":{"rendered":"<p>Mv., 1924. \u2020\u00a0Mv., 2008. okt. 27.: a temet\u00e9s napja: orvos. \u2013 Feles\u00e9ge: Solymosi Erzs\u00e9bet (1925\u20132005): fogorvos. L\u00e1nyaik: F. Judit; Katalin dr. Barab\u00e1ssy S\u00e1ndorn\u00e9 \u2013 Tan\u00e1rseg\u00e9d az OGYI Farmakol\u00f3gia katedr\u00e1j\u00e1n (1953\u201355). Belgy\u00f3gy\u00e1sz. N\u00e9meto. -ba t\u00e1vozott (80-as \u00e9vek). Irod.: Genersich; Kiss-P.-P.; Mv.-i Gy\u00f3gyszer\u00e9szeti Kar; [Nekrol\u00f3g] (N\u00fa., 2008. okt. 26.)<\/p>\n","protected":false},"featured_media":0,"comment_status":"open","ping_status":"closed","template":"","meta":[],"product_brand":[],"product_cat":[137],"product_tag":[],"class_list":{"0":"post-7566","1":"product","2":"type-product","3":"status-publish","5":"product_cat-maros-megyei-eletrajzi-lexikon","7":"first","8":"instock","9":"shipping-taxable","10":"product-type-simple"},"_links":{"self":[{"href":"https:\/\/uj.adatbank.ro\/lexikon\/wp-json\/wp\/v2\/product\/7566","targetHints":{"allow":["GET"]}}],"collection":[{"href":"https:\/\/uj.adatbank.ro\/lexikon\/wp-json\/wp\/v2\/product"}],"about":[{"href":"https:\/\/uj.adatbank.ro\/lexikon\/wp-json\/wp\/v2\/types\/product"}],"replies":[{"embeddable":true,"href":"https:\/\/uj.adatbank.ro\/lexikon\/wp-json\/wp\/v2\/comments?post=7566"}],"wp:attachment":[{"href":"https:\/\/uj.adatbank.ro\/lexikon\/wp-json\/wp\/v2\/media?parent=7566"}],"wp:term":[{"taxonomy":"product_brand","embeddable":true,"href":"https:\/\/uj.adatbank.ro\/lexikon\/wp-json\/wp\/v2\/product_brand?post=7566"},{"taxonomy":"product_cat","embeddable":true,"href":"https:\/\/uj.adatbank.ro\/lexikon\/wp-json\/wp\/v2\/product_cat?post=7566"},{"taxonomy":"product_tag","embeddable":true,"href":"https:\/\/uj.adatbank.ro\/lexikon\/wp-json\/wp\/v2\/product_tag?post=7566"}],"curies":[{"name":"wp","href":"https:\/\/api.w.org\/{rel}","templated":true}]}}