{"id":7567,"date":"2025-06-29T09:56:26","date_gmt":"2025-06-29T07:56:26","guid":{"rendered":"https:\/\/uj.adatbank.ro\/lexikon\/termek\/faludi-gyorgy\/"},"modified":"2025-06-29T09:56:26","modified_gmt":"2025-06-29T07:56:26","slug":"faludi-gyorgy","status":"publish","type":"product","link":"https:\/\/uj.adatbank.ro\/lexikon\/termek\/faludi-gyorgy\/","title":{"rendered":"FALUDI Gy\u00f6rgy"},"content":{"rendered":"<p>Mv., 1928, \u2020\u00a0Mv., 1980.: orvos. \u2013 Mv.-en v\u00e9gezte az orvosi egyetemet (1953)). Kolozs megy\u00e9ben katonaorvos \u00f6t \u00e9vig, majd hal\u00e1l\u00e1ig v\u00e1rosi k\u00f6rzeti f\u0151orvos Mv.-en. <br \/><strong>Irod.:<\/strong> Kiss Csekme \u2013 P\u00e9terffy<\/br><\/p>\n","protected":false},"excerpt":{"rendered":"<p>Mv., 1928, \u2020\u00a0Mv., 1980.: orvos. \u2013 Mv.-en v\u00e9gezte az orvosi egyetemet (1953)). Kolozs megy\u00e9ben katonaorvos \u00f6t \u00e9vig, majd hal\u00e1l\u00e1ig v\u00e1rosi k\u00f6rzeti f\u0151orvos Mv.-en. Irod.: Kiss Csekme \u2013 P\u00e9terffy<\/p>\n","protected":false},"featured_media":0,"comment_status":"open","ping_status":"closed","template":"","meta":[],"product_brand":[],"product_cat":[137],"product_tag":[],"class_list":{"0":"post-7567","1":"product","2":"type-product","3":"status-publish","5":"product_cat-maros-megyei-eletrajzi-lexikon","7":"first","8":"instock","9":"shipping-taxable","10":"product-type-simple"},"_links":{"self":[{"href":"https:\/\/uj.adatbank.ro\/lexikon\/wp-json\/wp\/v2\/product\/7567","targetHints":{"allow":["GET"]}}],"collection":[{"href":"https:\/\/uj.adatbank.ro\/lexikon\/wp-json\/wp\/v2\/product"}],"about":[{"href":"https:\/\/uj.adatbank.ro\/lexikon\/wp-json\/wp\/v2\/types\/product"}],"replies":[{"embeddable":true,"href":"https:\/\/uj.adatbank.ro\/lexikon\/wp-json\/wp\/v2\/comments?post=7567"}],"wp:attachment":[{"href":"https:\/\/uj.adatbank.ro\/lexikon\/wp-json\/wp\/v2\/media?parent=7567"}],"wp:term":[{"taxonomy":"product_brand","embeddable":true,"href":"https:\/\/uj.adatbank.ro\/lexikon\/wp-json\/wp\/v2\/product_brand?post=7567"},{"taxonomy":"product_cat","embeddable":true,"href":"https:\/\/uj.adatbank.ro\/lexikon\/wp-json\/wp\/v2\/product_cat?post=7567"},{"taxonomy":"product_tag","embeddable":true,"href":"https:\/\/uj.adatbank.ro\/lexikon\/wp-json\/wp\/v2\/product_tag?post=7567"}],"curies":[{"name":"wp","href":"https:\/\/api.w.org\/{rel}","templated":true}]}}