{"id":7568,"date":"2025-06-29T09:56:27","date_gmt":"2025-06-29T07:56:27","guid":{"rendered":"https:\/\/uj.adatbank.ro\/lexikon\/termek\/falus-elek\/"},"modified":"2025-06-29T09:56:27","modified_gmt":"2025-06-29T07:56:27","slug":"falus-elek","status":"publish","type":"product","link":"https:\/\/uj.adatbank.ro\/lexikon\/termek\/falus-elek\/","title":{"rendered":"FALUS Elek"},"content":{"rendered":"<p>1884, \u2020\u00a01950.: iparm\u0171v\u00e9sz. \u2013 A kecskem\u00e9ti m\u0171v\u00e9sztelepen volt a sz\u00f6v\u0151iskola vezet\u0151je (1910), \u00f6tv\u00f6zte a magyaros hagyom\u00e1nyt \u00e9s a m\u0171v\u00e9szi invenci\u00f3t. Megb\u00edzt\u00e1k a mv.-i Kult\u00farpalota l\u00e9pcs\u0151h\u00e1z\u00e1nak d\u00edsz\u00edt\u0151fest\u00e9s\u00e9vel, amivel el is k\u00e9sz\u00fclt (1913. jan.). A bels\u0151\u00e9p\u00edt\u00e9szeti \u00e9s r\u00e9szben k\u00e9pz\u0151m\u0171v\u00e9szeti munk\u00e1kkal \u00e9s a munka fel\u00fcgyelet\u00e9vel is megb\u00edzt\u00e1k. <br \/><strong>Irod.:<\/strong> Mv.-i Kult\u00farpalota 2013<\/br><\/p>\n","protected":false},"excerpt":{"rendered":"<p>1884, \u2020\u00a01950.: iparm\u0171v\u00e9sz. \u2013 A kecskem\u00e9ti m\u0171v\u00e9sztelepen volt a sz\u00f6v\u0151iskola vezet\u0151je (1910), \u00f6tv\u00f6zte a magyaros hagyom\u00e1nyt \u00e9s a m\u0171v\u00e9szi invenci\u00f3t. Megb\u00edzt\u00e1k a mv.-i Kult\u00farpalota l\u00e9pcs\u0151h\u00e1z\u00e1nak d\u00edsz\u00edt\u0151fest\u00e9s\u00e9vel, amivel el is k\u00e9sz\u00fclt (1913. jan.). A bels\u0151\u00e9p\u00edt\u00e9szeti \u00e9s r\u00e9szben k\u00e9pz\u0151m\u0171v\u00e9szeti munk\u00e1kkal \u00e9s a munka fel\u00fcgyelet\u00e9vel is megb\u00edzt\u00e1k. Irod.: Mv.-i Kult\u00farpalota 2013<\/p>\n","protected":false},"featured_media":0,"comment_status":"open","ping_status":"closed","template":"","meta":[],"product_brand":[],"product_cat":[137],"product_tag":[],"class_list":{"0":"post-7568","1":"product","2":"type-product","3":"status-publish","5":"product_cat-maros-megyei-eletrajzi-lexikon","7":"first","8":"instock","9":"shipping-taxable","10":"product-type-simple"},"_links":{"self":[{"href":"https:\/\/uj.adatbank.ro\/lexikon\/wp-json\/wp\/v2\/product\/7568","targetHints":{"allow":["GET"]}}],"collection":[{"href":"https:\/\/uj.adatbank.ro\/lexikon\/wp-json\/wp\/v2\/product"}],"about":[{"href":"https:\/\/uj.adatbank.ro\/lexikon\/wp-json\/wp\/v2\/types\/product"}],"replies":[{"embeddable":true,"href":"https:\/\/uj.adatbank.ro\/lexikon\/wp-json\/wp\/v2\/comments?post=7568"}],"wp:attachment":[{"href":"https:\/\/uj.adatbank.ro\/lexikon\/wp-json\/wp\/v2\/media?parent=7568"}],"wp:term":[{"taxonomy":"product_brand","embeddable":true,"href":"https:\/\/uj.adatbank.ro\/lexikon\/wp-json\/wp\/v2\/product_brand?post=7568"},{"taxonomy":"product_cat","embeddable":true,"href":"https:\/\/uj.adatbank.ro\/lexikon\/wp-json\/wp\/v2\/product_cat?post=7568"},{"taxonomy":"product_tag","embeddable":true,"href":"https:\/\/uj.adatbank.ro\/lexikon\/wp-json\/wp\/v2\/product_tag?post=7568"}],"curies":[{"name":"wp","href":"https:\/\/api.w.org\/{rel}","templated":true}]}}