{"id":7569,"date":"2025-06-29T09:56:29","date_gmt":"2025-06-29T07:56:29","guid":{"rendered":"https:\/\/uj.adatbank.ro\/lexikon\/termek\/faluvegi-albert\/"},"modified":"2025-06-29T09:56:29","modified_gmt":"2025-06-29T07:56:29","slug":"faluvegi-albert","status":"publish","type":"product","link":"https:\/\/uj.adatbank.ro\/lexikon\/termek\/faluvegi-albert\/","title":{"rendered":"FALUV\u00c9GI Albert"},"content":{"rendered":"<p>Torboszl\u00f3, 1843. szept. 13. \u2020\u00a0? : tref. Lelk\u00e9sz, tan\u00edt\u00f3k\u00e9pz\u0151int\u00e9zeti igazgat\u00f3. \u2013 Apja hal\u00e1la ut\u00e1n \u00e1tk\u00f6lt\u00f6zetek Sz\u00e9kelyszentistv\u00e1nra (a mai H\u00e1rmasfaluba). \u2013 A gimn. befelyez\u00e9se ut\u00e1n b\u00f6lcseleti \u00e9s jogi tanfolyamot v\u00e9gzett Mv.-en, majd a Nagyenyedi Teol\u00f3giai Akad. -\u00e1n tanult \u00e9s papi vizsg\u00e1t tett, a marburgi egyetemren teol\u00f3giai \u00e9s b\u00f6lcseleti el\u0151ad\u00e1sokat hallgatott (1868\u2013). Tanulm\u00e1nyutat tett Sv\u00e1jcban, P\u00e1rizsban, Goth\u00e1ban a tan\u00edt\u00f3k\u00e9pz\u0151ben tanult (1869). A zilahi tan\u00edt\u00f3k\u00e9pz\u0151 tan\u00e1ra (1870\u201392). Az int\u00e9zet megsz\u00fcn\u00e9se ut\u00e1n \u00e1thelyezt\u00e9k Kiskunf\u00e9legyh\u00e1z\u00e1ra, a tan\u00edt\u00f3k\u00e9pz\u0151 igazgat\u00f3ja (1892\u201397). Munkat\u00e1rsa volt a N\u00e9ptan\u00edt\u00f3k Lapja, N\u00e9pnevel\u0151k Lapja, M. Tan\u00fcgy, Csal\u00e1d \u00e9s Iskola, Magyar Tan\u00edt\u00f3k\u00e9pz\u0151 c. szaklapoknak; f\u0151munkat\u00e1rsa volt a Szil\u00e1gy-nak; \u00edrt m\u00e9g a Hon, Kelet, Pesti Napl\u00f3 \u00e9s Nagyv\u00e1rad-ban; szerk. -tette a Szil\u00e1gymegyei tan\u00edt\u00f3test\u00fclet els\u0151 (1873\u201376) \u00c9vk\u00f6nyv\u00e9t (Mv., 1877), valamint a zilahi \u00e1llami tan\u00edt\u00f3k\u00e9pezde \u00c9rtes\u00edt\u0151-j\u00e9t (1873\u2013). <br \/><strong>Irod.:<\/strong> Guly\u00e1s; Olosz Katalin: Adatok a K\u00e9t rab \u00farfi m. ballada ismeret\u00e9nek t\u00f6rt\u00e9net\u00e9hez  =  K\u00f6nyvek \u00e1ltal..; Rugonfalvi Kiss; Szab\u00f3\u2013Simon\u2013Sz\u00f6gi; Szinnyei<\/br><\/p>\n","protected":false},"excerpt":{"rendered":"<p>Torboszl\u00f3, 1843. szept. 13. \u2020\u00a0? : tref. Lelk\u00e9sz, tan\u00edt\u00f3k\u00e9pz\u0151int\u00e9zeti igazgat\u00f3. \u2013 Apja hal\u00e1la ut\u00e1n \u00e1tk\u00f6lt\u00f6zetek Sz\u00e9kelyszentistv\u00e1nra (a mai H\u00e1rmasfaluba). \u2013 A gimn. befelyez\u00e9se ut\u00e1n b\u00f6lcseleti \u00e9s jogi tanfolyamot v\u00e9gzett Mv.-en, majd a Nagyenyedi Teol\u00f3giai Akad. -\u00e1n tanult \u00e9s papi vizsg\u00e1t tett, a marburgi egyetemren teol\u00f3giai \u00e9s b\u00f6lcseleti el\u0151ad\u00e1sokat hallgatott (1868\u2013). Tanulm\u00e1nyutat tett Sv\u00e1jcban, P\u00e1rizsban, Goth\u00e1ban [&hellip;]<\/p>\n","protected":false},"featured_media":0,"comment_status":"open","ping_status":"closed","template":"","meta":[],"product_brand":[],"product_cat":[137],"product_tag":[],"class_list":{"0":"post-7569","1":"product","2":"type-product","3":"status-publish","5":"product_cat-maros-megyei-eletrajzi-lexikon","7":"first","8":"instock","9":"shipping-taxable","10":"product-type-simple"},"_links":{"self":[{"href":"https:\/\/uj.adatbank.ro\/lexikon\/wp-json\/wp\/v2\/product\/7569","targetHints":{"allow":["GET"]}}],"collection":[{"href":"https:\/\/uj.adatbank.ro\/lexikon\/wp-json\/wp\/v2\/product"}],"about":[{"href":"https:\/\/uj.adatbank.ro\/lexikon\/wp-json\/wp\/v2\/types\/product"}],"replies":[{"embeddable":true,"href":"https:\/\/uj.adatbank.ro\/lexikon\/wp-json\/wp\/v2\/comments?post=7569"}],"wp:attachment":[{"href":"https:\/\/uj.adatbank.ro\/lexikon\/wp-json\/wp\/v2\/media?parent=7569"}],"wp:term":[{"taxonomy":"product_brand","embeddable":true,"href":"https:\/\/uj.adatbank.ro\/lexikon\/wp-json\/wp\/v2\/product_brand?post=7569"},{"taxonomy":"product_cat","embeddable":true,"href":"https:\/\/uj.adatbank.ro\/lexikon\/wp-json\/wp\/v2\/product_cat?post=7569"},{"taxonomy":"product_tag","embeddable":true,"href":"https:\/\/uj.adatbank.ro\/lexikon\/wp-json\/wp\/v2\/product_tag?post=7569"}],"curies":[{"name":"wp","href":"https:\/\/api.w.org\/{rel}","templated":true}]}}