{"id":7573,"date":"2025-06-29T09:56:39","date_gmt":"2025-06-29T07:56:39","guid":{"rendered":"https:\/\/uj.adatbank.ro\/lexikon\/termek\/faluvegi-denes-2\/"},"modified":"2025-06-29T09:56:39","modified_gmt":"2025-06-29T07:56:39","slug":"faluvegi-denes-2","status":"publish","type":"product","link":"https:\/\/uj.adatbank.ro\/lexikon\/termek\/faluvegi-denes-2\/","title":{"rendered":"FALUV\u00c9GI D\u00e9nes"},"content":{"rendered":"<p>Cs\u00f3kfalva, 1919. febr. 4., \u2020\u00a0?\u00a0: gazd\u00e1lkod\u00f3. \u2013 Letart\u00f3ztat\u00e1si paranccsal (kelt 1957. nov. 20.) orsz\u00e1gos k\u00f6r\u00f6z\u00e9s ut\u00e1n (nov. 29.) tart\u00f3ztatt\u00e1k le H\u00e1rmasfaluban. Mint a F\u00fcl\u00f6p Lajos f\u00e9le jehovista csopoprt tagj\u00e1t helyezte v\u00e1d al\u00e1 a MAT Katonai \u00dcgy\u00e9szs\u00e9g\u00e9n. <br \/><strong>Irod.:<\/strong> 1956 Erd\u00e9lyben<\/br><\/p>\n","protected":false},"excerpt":{"rendered":"<p>Cs\u00f3kfalva, 1919. febr. 4., \u2020\u00a0?\u00a0: gazd\u00e1lkod\u00f3. \u2013 Letart\u00f3ztat\u00e1si paranccsal (kelt 1957. nov. 20.) orsz\u00e1gos k\u00f6r\u00f6z\u00e9s ut\u00e1n (nov. 29.) tart\u00f3ztatt\u00e1k le H\u00e1rmasfaluban. Mint a F\u00fcl\u00f6p Lajos f\u00e9le jehovista csopoprt tagj\u00e1t helyezte v\u00e1d al\u00e1 a MAT Katonai \u00dcgy\u00e9szs\u00e9g\u00e9n. Irod.: 1956 Erd\u00e9lyben<\/p>\n","protected":false},"featured_media":0,"comment_status":"open","ping_status":"closed","template":"","meta":[],"product_brand":[],"product_cat":[137],"product_tag":[],"class_list":{"0":"post-7573","1":"product","2":"type-product","3":"status-publish","5":"product_cat-maros-megyei-eletrajzi-lexikon","7":"first","8":"instock","9":"shipping-taxable","10":"product-type-simple"},"_links":{"self":[{"href":"https:\/\/uj.adatbank.ro\/lexikon\/wp-json\/wp\/v2\/product\/7573","targetHints":{"allow":["GET"]}}],"collection":[{"href":"https:\/\/uj.adatbank.ro\/lexikon\/wp-json\/wp\/v2\/product"}],"about":[{"href":"https:\/\/uj.adatbank.ro\/lexikon\/wp-json\/wp\/v2\/types\/product"}],"replies":[{"embeddable":true,"href":"https:\/\/uj.adatbank.ro\/lexikon\/wp-json\/wp\/v2\/comments?post=7573"}],"wp:attachment":[{"href":"https:\/\/uj.adatbank.ro\/lexikon\/wp-json\/wp\/v2\/media?parent=7573"}],"wp:term":[{"taxonomy":"product_brand","embeddable":true,"href":"https:\/\/uj.adatbank.ro\/lexikon\/wp-json\/wp\/v2\/product_brand?post=7573"},{"taxonomy":"product_cat","embeddable":true,"href":"https:\/\/uj.adatbank.ro\/lexikon\/wp-json\/wp\/v2\/product_cat?post=7573"},{"taxonomy":"product_tag","embeddable":true,"href":"https:\/\/uj.adatbank.ro\/lexikon\/wp-json\/wp\/v2\/product_tag?post=7573"}],"curies":[{"name":"wp","href":"https:\/\/api.w.org\/{rel}","templated":true}]}}