{"id":7574,"date":"2025-06-29T09:56:40","date_gmt":"2025-06-29T07:56:40","guid":{"rendered":"https:\/\/uj.adatbank.ro\/lexikon\/termek\/faluvegi-gizella\/"},"modified":"2025-06-29T09:56:40","modified_gmt":"2025-06-29T07:56:40","slug":"faluvegi-gizella","status":"publish","type":"product","link":"https:\/\/uj.adatbank.ro\/lexikon\/termek\/faluvegi-gizella\/","title":{"rendered":"FALUV\u00c9GI Gizella"},"content":{"rendered":"<p>Sz\u00e9kelyszentistv\u00e1n, 1913. m\u00e1j. 21., \u2020\u00a0? : szubrett. \u2013 P\u00e1ly\u00e1j\u00e1t Kv.-on kezdte Leh\u00e1r Ferenc A mosoly orsz\u00e1ga\u00a0c. operettj\u00e9ben Li hercegn\u0151t alak\u00edtotta. Felbontotta szerz\u0151d\u00e9s\u00e9t a Th\u00e1lia Sz\u00ednh\u00e1zzal (1939), mert Berlinbe k\u00e9sz\u00fclt \u00f6szt\u00f6nd\u00edjjal, de terve nem siker\u00fclt. Szatm\u00e1rn\u00e9metiben j\u00e1tszott (1939\u201340). <br \/><strong>Irod.:<\/strong> K\u00f6t\u0151<\/br><\/p>\n","protected":false},"excerpt":{"rendered":"<p>Sz\u00e9kelyszentistv\u00e1n, 1913. m\u00e1j. 21., \u2020\u00a0? : szubrett. \u2013 P\u00e1ly\u00e1j\u00e1t Kv.-on kezdte Leh\u00e1r Ferenc A mosoly orsz\u00e1ga\u00a0c. operettj\u00e9ben Li hercegn\u0151t alak\u00edtotta. Felbontotta szerz\u0151d\u00e9s\u00e9t a Th\u00e1lia Sz\u00ednh\u00e1zzal (1939), mert Berlinbe k\u00e9sz\u00fclt \u00f6szt\u00f6nd\u00edjjal, de terve nem siker\u00fclt. Szatm\u00e1rn\u00e9metiben j\u00e1tszott (1939\u201340). Irod.: K\u00f6t\u0151<\/p>\n","protected":false},"featured_media":0,"comment_status":"open","ping_status":"closed","template":"","meta":[],"product_brand":[],"product_cat":[137],"product_tag":[],"class_list":{"0":"post-7574","1":"product","2":"type-product","3":"status-publish","5":"product_cat-maros-megyei-eletrajzi-lexikon","7":"first","8":"instock","9":"shipping-taxable","10":"product-type-simple"},"_links":{"self":[{"href":"https:\/\/uj.adatbank.ro\/lexikon\/wp-json\/wp\/v2\/product\/7574","targetHints":{"allow":["GET"]}}],"collection":[{"href":"https:\/\/uj.adatbank.ro\/lexikon\/wp-json\/wp\/v2\/product"}],"about":[{"href":"https:\/\/uj.adatbank.ro\/lexikon\/wp-json\/wp\/v2\/types\/product"}],"replies":[{"embeddable":true,"href":"https:\/\/uj.adatbank.ro\/lexikon\/wp-json\/wp\/v2\/comments?post=7574"}],"wp:attachment":[{"href":"https:\/\/uj.adatbank.ro\/lexikon\/wp-json\/wp\/v2\/media?parent=7574"}],"wp:term":[{"taxonomy":"product_brand","embeddable":true,"href":"https:\/\/uj.adatbank.ro\/lexikon\/wp-json\/wp\/v2\/product_brand?post=7574"},{"taxonomy":"product_cat","embeddable":true,"href":"https:\/\/uj.adatbank.ro\/lexikon\/wp-json\/wp\/v2\/product_cat?post=7574"},{"taxonomy":"product_tag","embeddable":true,"href":"https:\/\/uj.adatbank.ro\/lexikon\/wp-json\/wp\/v2\/product_tag?post=7574"}],"curies":[{"name":"wp","href":"https:\/\/api.w.org\/{rel}","templated":true}]}}