{"id":7575,"date":"2025-06-29T09:56:41","date_gmt":"2025-06-29T07:56:41","guid":{"rendered":"https:\/\/uj.adatbank.ro\/lexikon\/termek\/faluvegi-istvan-csokfalvi\/"},"modified":"2025-06-29T09:56:41","modified_gmt":"2025-06-29T07:56:41","slug":"faluvegi-istvan-csokfalvi","status":"publish","type":"product","link":"https:\/\/uj.adatbank.ro\/lexikon\/termek\/faluvegi-istvan-csokfalvi\/","title":{"rendered":"FAL\u00daV\u00c9GI Istv\u00e1n, cs\u00f3kfalvi"},"content":{"rendered":"<p>? \u2020\u00a0?\u00a0: primipil\u00e1ris. \u2013 Istv\u00e1n \u00e9s P\u00e9ter primipil\u00e1ris levelet kaptak (l\u00f3f\u0151s\u00e9g) II. R\u00e1k\u00f3czi Gy\u00f6rgyt\u0151l (1655. j\u00fan. 28.). <br \/><strong>Irod.:<\/strong> Kempelen; P\u00e1lmay<\/br><\/p>\n","protected":false},"excerpt":{"rendered":"<p>? \u2020\u00a0?\u00a0: primipil\u00e1ris. \u2013 Istv\u00e1n \u00e9s P\u00e9ter primipil\u00e1ris levelet kaptak (l\u00f3f\u0151s\u00e9g) II. R\u00e1k\u00f3czi Gy\u00f6rgyt\u0151l (1655. j\u00fan. 28.). Irod.: Kempelen; P\u00e1lmay<\/p>\n","protected":false},"featured_media":0,"comment_status":"open","ping_status":"closed","template":"","meta":[],"product_brand":[],"product_cat":[137],"product_tag":[],"class_list":{"0":"post-7575","1":"product","2":"type-product","3":"status-publish","5":"product_cat-maros-megyei-eletrajzi-lexikon","7":"first","8":"instock","9":"shipping-taxable","10":"product-type-simple"},"_links":{"self":[{"href":"https:\/\/uj.adatbank.ro\/lexikon\/wp-json\/wp\/v2\/product\/7575","targetHints":{"allow":["GET"]}}],"collection":[{"href":"https:\/\/uj.adatbank.ro\/lexikon\/wp-json\/wp\/v2\/product"}],"about":[{"href":"https:\/\/uj.adatbank.ro\/lexikon\/wp-json\/wp\/v2\/types\/product"}],"replies":[{"embeddable":true,"href":"https:\/\/uj.adatbank.ro\/lexikon\/wp-json\/wp\/v2\/comments?post=7575"}],"wp:attachment":[{"href":"https:\/\/uj.adatbank.ro\/lexikon\/wp-json\/wp\/v2\/media?parent=7575"}],"wp:term":[{"taxonomy":"product_brand","embeddable":true,"href":"https:\/\/uj.adatbank.ro\/lexikon\/wp-json\/wp\/v2\/product_brand?post=7575"},{"taxonomy":"product_cat","embeddable":true,"href":"https:\/\/uj.adatbank.ro\/lexikon\/wp-json\/wp\/v2\/product_cat?post=7575"},{"taxonomy":"product_tag","embeddable":true,"href":"https:\/\/uj.adatbank.ro\/lexikon\/wp-json\/wp\/v2\/product_tag?post=7575"}],"curies":[{"name":"wp","href":"https:\/\/api.w.org\/{rel}","templated":true}]}}