{"id":7576,"date":"2025-06-29T09:56:44","date_gmt":"2025-06-29T07:56:44","guid":{"rendered":"https:\/\/uj.adatbank.ro\/lexikon\/termek\/faluvegi-jozsef\/"},"modified":"2025-06-29T09:56:44","modified_gmt":"2025-06-29T07:56:44","slug":"faluvegi-jozsef","status":"publish","type":"product","link":"https:\/\/uj.adatbank.ro\/lexikon\/termek\/faluvegi-jozsef\/","title":{"rendered":"FALUV\u00c9GI J\u00f3zsef"},"content":{"rendered":"<p>Cs\u00f3kfalva, 1883., \u2020\u00a0?: gazd\u00e1lkod\u00f3. \u2013 \u00d6n\u00e1ll\u00f3 gazdas\u00e1got vezetett 30 hold f\u00f6ldj\u00e9n sz\u00fcl\u0151faluj\u00e1ban. Az els\u0151 vh.-ban a 62. gy. ezredben az orosz fronton fogs\u00e1gba ker\u00fclt n\u00e9gy\u00e9vet szenvedett. Volt k\u00f6zs\u00e9gi b\u00edr\u00f3, esk\u00fcdt, az unit. egyh\u00e1z presbitere, a Hangya sz\u00f6v. eln\u00f6ke. <br \/><strong>Irod.:<\/strong> Sz\u00e9kelyf\u00f6ld \u00ed. k<\/br><\/p>\n","protected":false},"excerpt":{"rendered":"<p>Cs\u00f3kfalva, 1883., \u2020\u00a0?: gazd\u00e1lkod\u00f3. \u2013 \u00d6n\u00e1ll\u00f3 gazdas\u00e1got vezetett 30 hold f\u00f6ldj\u00e9n sz\u00fcl\u0151faluj\u00e1ban. Az els\u0151 vh.-ban a 62. gy. ezredben az orosz fronton fogs\u00e1gba ker\u00fclt n\u00e9gy\u00e9vet szenvedett. Volt k\u00f6zs\u00e9gi b\u00edr\u00f3, esk\u00fcdt, az unit. egyh\u00e1z presbitere, a Hangya sz\u00f6v. eln\u00f6ke. Irod.: Sz\u00e9kelyf\u00f6ld \u00ed. k<\/p>\n","protected":false},"featured_media":0,"comment_status":"open","ping_status":"closed","template":"","meta":[],"product_brand":[],"product_cat":[137],"product_tag":[],"class_list":{"0":"post-7576","1":"product","2":"type-product","3":"status-publish","5":"product_cat-maros-megyei-eletrajzi-lexikon","7":"first","8":"instock","9":"shipping-taxable","10":"product-type-simple"},"_links":{"self":[{"href":"https:\/\/uj.adatbank.ro\/lexikon\/wp-json\/wp\/v2\/product\/7576","targetHints":{"allow":["GET"]}}],"collection":[{"href":"https:\/\/uj.adatbank.ro\/lexikon\/wp-json\/wp\/v2\/product"}],"about":[{"href":"https:\/\/uj.adatbank.ro\/lexikon\/wp-json\/wp\/v2\/types\/product"}],"replies":[{"embeddable":true,"href":"https:\/\/uj.adatbank.ro\/lexikon\/wp-json\/wp\/v2\/comments?post=7576"}],"wp:attachment":[{"href":"https:\/\/uj.adatbank.ro\/lexikon\/wp-json\/wp\/v2\/media?parent=7576"}],"wp:term":[{"taxonomy":"product_brand","embeddable":true,"href":"https:\/\/uj.adatbank.ro\/lexikon\/wp-json\/wp\/v2\/product_brand?post=7576"},{"taxonomy":"product_cat","embeddable":true,"href":"https:\/\/uj.adatbank.ro\/lexikon\/wp-json\/wp\/v2\/product_cat?post=7576"},{"taxonomy":"product_tag","embeddable":true,"href":"https:\/\/uj.adatbank.ro\/lexikon\/wp-json\/wp\/v2\/product_tag?post=7576"}],"curies":[{"name":"wp","href":"https:\/\/api.w.org\/{rel}","templated":true}]}}