{"id":7577,"date":"2025-06-29T09:56:49","date_gmt":"2025-06-29T07:56:49","guid":{"rendered":"https:\/\/uj.adatbank.ro\/lexikon\/termek\/faluvegi-lajos-%c2%a7\/"},"modified":"2025-06-29T09:56:49","modified_gmt":"2025-06-29T07:56:49","slug":"faluvegi-lajos-%c2%a7","status":"publish","type":"product","link":"https:\/\/uj.adatbank.ro\/lexikon\/termek\/faluvegi-lajos-%c2%a7\/","title":{"rendered":"FALUV\u00c9GI Lajos, \u00a7"},"content":{"rendered":"<p>Mv., 1922. dec. 14., \u2020 Mv., 1992. m\u00e1j. 21. A kv.-i H\u00e1zsong\u00e1rdba temett\u00e9k.: sz\u00edn\u00e9sz. \u2013 A kv.-i Szentgy\u00f6rgyi Istv\u00e1n Sz\u00ednm\u0171v\u00e9szeti Int\u00e9zetben v\u00e9gzett (1950). A Sz\u00e9kely Sz\u00ednh\u00e1z szerz\u0151dtette (1950\u2013). F\u0151k\u00e9nt az egyszer\u0171 emberek, a n\u00e9pi figur\u00e1k sz\u00ednes, v\u00e1ltozatos megeleven\u00edt\u00e9s\u00e9vel \u00e9rt el sikereket. \u2013 <strong>F. sz.:<\/strong> Bese Tam\u00e1s (K\u00f3s: Budai Nagy Antal); T\u00f6r\u00f6k b\u00e1csi (M\u00f3ricz: L\u00e9gy j\u00f3 mindhal\u00e1lig); Luka (Gorkij: \u00c9jjeli mened\u00e9khely); J\u00f3zsa (Illy\u00e9s Gy: : F\u00e1klyal\u00e1ng); Siward (Shakespeare: Macbeth); Pet\u00e1k (M\u00f3ricz Zs.: Nem \u00e9lhetek muzsikasz\u00f3 n\u00e9lk\u00fcl); Els\u0151 di\u00e1k (Leonid Rachmanov: Viharos alkonyat); Igazgat\u00f3 a \u201eKeleti\u201d vend\u00e9gl\u0151ben (Tur testv\u00e9rek: Villa a mell\u00e9kutc\u00e1ban); Hell, katona (Borisz Lavrenyov: Amerika hangja); \u0150rnagy (Tur testv\u00e9rek \u00e9s Seinin: Kinek kedvez az id\u0151; Katona, \u0151r a \u201e400-as\u201d teremben (Jurij Burjakovszkij: \u00dczenet az \u00e9l\u0151knek); P\u00e1vel Jutov, m\u00e9rn\u00f6k (Boroszina \u00e9s A. Davidzon: Harmad\u00e9vesek); az \u00dczemi Bizotts\u00e1g eln\u00f6ke (M. Davidoglu: T\u0171zer\u0151d); Szvisztunov rend\u0151r (Gogoly: A revizor); Viszket Jakab brig\u00e1dvezet\u0151 csoporttag, Czenki J\u00f3ska, kocsis (Urb\u00e1n Ern\u0151: T\u0171zkereszts\u00e9g); 1. parasztleg\u00e9ny (Ivan Franco: Az ellopott boldogs\u00e1g); Fegyka (Borisz Gorbatov: Ap\u00e1k ifj\u00fas\u00e1ga); Nic\u0103 (Lucia Demetrius: Mai emberek); Artyom Godun \u00e9s Jermeljev, haj\u00f3smester (Borisz Lavrenyov: Lesz\u00e1mol\u00e1s); Gazsi (G\u00e1dor B\u00e9la \u00e9s Urb\u00e1n Ern\u0151: A kincs); Rend\u0151r (Iszajev \u00e9s Galics: Nem mag\u00e1n\u00fcgy); B\u00edr\u00f3 (Huszka Jen\u0151: G\u00fcl-Baba); Sportruh\u00e1s (Somlyai L\u00e1szl\u00f3: A f\u0151nyerem\u00e9ny); Moln\u00e1r (Kov\u00e1ts Dezs\u0151: Aki m\u00e1snak vermet \u00e1s); Rend\u0151r (B. Nusics: A kegyelmes asszony); Jeronim (Horv\u00e1th \u00c1goston: Varga Katalin); Rend\u0151r (Heimar Kipphardt: Shakespeare kerestetik); Aftanasie (Tiberiu Vornic- Ioana Postelnicu: Felsz\u00e1ll a k\u00f6d); Csapajev (Alexei Abruzov: M\u00e1sodik szerelem); J\u00e1r\u00e1sorvos, B\u00e9rl\u0151 (Br\u00f3dy S\u00e1ndor: A tan\u00edt\u00f3n\u0151); Szvatopluk f\u0151lak\u00e1j (Szirmai Albert: M\u00e9zeskal\u00e1cs); Szilaj Gyuri (Szab\u00f3 Lajos: Menek\u00fcl\u00e9s); S\u00edpos Istv\u00e1n (Sarkadi Imre: Szeptember); Fekete, rendez\u0151 (Eugen Mirea-Kov\u00e1cs Gy\u00f6rgy: Az utols\u00f3 vonat); Noah (N. Richard Nash: Az es\u0151hoz\u00f3 ember); Iskolamester (W. Shakespeare: A makrancos h\u00f6lgy); Kender Ferenc (M\u00e9liusz J\u00f3zsef: Nem olyan egyszer\u0171); Madaras Antal (S\u00fct\u0151 Andr\u00e1s: Fecskesz\u00e1rny\u00fa szem\u00f6ld\u00f6k); Dominte, paraszt (Aurel Baranga: Diadal\u00edv); \u00d6reg tenger\u00e9sz (V. Visnyevszkij: Optimista trag\u00e9dia); Rend\u0151rf\u0151n\u00f6k (K. Trenyov: Gimnazist\u00e1k); F\u0151m\u00e9rn\u00f6k (Virgil Stoenescu: Szerelmes levelek); Sherkin, a sheriff (James Gow-Arnaud D\u2019usseau: M\u00e9lyek a gy\u00f6kerek); \u00d6reg nyomd\u00e1sz \u2013 Nea\u2019 Gogu (Al. Mirodan: \u00dajs\u00e1g\u00edr\u00f3k); Arnold Wesker: Gy\u00f6kerek (1965. okt. 12.); H. Kleist: Amphitryon (1972. m\u00e1j. 10.). <br \/><strong>Irod.:<\/strong> A H\u00e9t \u00e9vk. (1982); Horv\u00e1th Bea; Id\u0151t\u00e1r 4.; Katona Szab\u00f3 Istv\u00e1n: Az \u00daj \u00c9let lexikona, 57. (\u00daj \u00c9let, 21. sz., 1972); MSZL; \u00daM\u00c9L; F. L. [Nekrol\u00f3g] (N\u00fa., 1992. m\u00e1j. 28.)<\/br><\/p>\n","protected":false},"excerpt":{"rendered":"<p>Mv., 1922. dec. 14., \u2020 Mv., 1992. m\u00e1j. 21. A kv.-i H\u00e1zsong\u00e1rdba temett\u00e9k.: sz\u00edn\u00e9sz. \u2013 A kv.-i Szentgy\u00f6rgyi Istv\u00e1n Sz\u00ednm\u0171v\u00e9szeti Int\u00e9zetben v\u00e9gzett (1950). A Sz\u00e9kely Sz\u00ednh\u00e1z szerz\u0151dtette (1950\u2013). F\u0151k\u00e9nt az egyszer\u0171 emberek, a n\u00e9pi figur\u00e1k sz\u00ednes, v\u00e1ltozatos megeleven\u00edt\u00e9s\u00e9vel \u00e9rt el sikereket. \u2013 F. sz.: Bese Tam\u00e1s (K\u00f3s: Budai Nagy Antal); T\u00f6r\u00f6k b\u00e1csi (M\u00f3ricz: L\u00e9gy j\u00f3 [&hellip;]<\/p>\n","protected":false},"featured_media":0,"comment_status":"open","ping_status":"closed","template":"","meta":[],"product_brand":[],"product_cat":[137],"product_tag":[],"class_list":{"0":"post-7577","1":"product","2":"type-product","3":"status-publish","5":"product_cat-maros-megyei-eletrajzi-lexikon","7":"first","8":"instock","9":"shipping-taxable","10":"product-type-simple"},"_links":{"self":[{"href":"https:\/\/uj.adatbank.ro\/lexikon\/wp-json\/wp\/v2\/product\/7577","targetHints":{"allow":["GET"]}}],"collection":[{"href":"https:\/\/uj.adatbank.ro\/lexikon\/wp-json\/wp\/v2\/product"}],"about":[{"href":"https:\/\/uj.adatbank.ro\/lexikon\/wp-json\/wp\/v2\/types\/product"}],"replies":[{"embeddable":true,"href":"https:\/\/uj.adatbank.ro\/lexikon\/wp-json\/wp\/v2\/comments?post=7577"}],"wp:attachment":[{"href":"https:\/\/uj.adatbank.ro\/lexikon\/wp-json\/wp\/v2\/media?parent=7577"}],"wp:term":[{"taxonomy":"product_brand","embeddable":true,"href":"https:\/\/uj.adatbank.ro\/lexikon\/wp-json\/wp\/v2\/product_brand?post=7577"},{"taxonomy":"product_cat","embeddable":true,"href":"https:\/\/uj.adatbank.ro\/lexikon\/wp-json\/wp\/v2\/product_cat?post=7577"},{"taxonomy":"product_tag","embeddable":true,"href":"https:\/\/uj.adatbank.ro\/lexikon\/wp-json\/wp\/v2\/product_tag?post=7577"}],"curies":[{"name":"wp","href":"https:\/\/api.w.org\/{rel}","templated":true}]}}