{"id":7581,"date":"2025-06-29T09:56:56","date_gmt":"2025-06-29T07:56:56","guid":{"rendered":"https:\/\/uj.adatbank.ro\/lexikon\/termek\/fancsali-daniel\/"},"modified":"2025-06-29T09:56:56","modified_gmt":"2025-06-29T07:56:56","slug":"fancsali-daniel","status":"publish","type":"product","link":"https:\/\/uj.adatbank.ro\/lexikon\/termek\/fancsali-daniel\/","title":{"rendered":"FANCSALI D\u00e1niel"},"content":{"rendered":"<p>Fancsal, 1769. \u2020\u00a0Gyulafeh\u00e9rv\u00e1r, 1838. okt. 22. a sz\u00e9kesegyh\u00e1z kript\u00e1j\u00e1ba temett\u00e9k: r. k. pap. \u2013 Gyulafeh\u00e9rv\u00e1ron szentelt\u00e9k papp\u00e1 (1793. m\u00e1rc. 31.). Tan\u00e1r Sz\u00e9kelyudvarhelyen (1790), majd Mv.-en tan\u00e1r \u00e9s k\u00e1pl\u00e1n, ut\u00e1na Kv.-on volt k\u00e1pl\u00e1n. Pl\u00e9b\u00e1nos (1795), ceremoni\u00e1rius (1800), p\u00fcsp\u00f6ki titk\u00e1r \u00e9s szentsz\u00e9ki \u00fcln\u00f6k (1801), esperes (1807), kanonok (1811), gimn. \u00e9s koll.-i igazgat\u00f3, mester-kanonok (1813). <br \/><strong>Irod.:<\/strong> Ferenczi S\u00e1ndor 2009; Ferenczi S\u00e1ndor 2012<\/br><\/p>\n","protected":false},"excerpt":{"rendered":"<p>Fancsal, 1769. \u2020\u00a0Gyulafeh\u00e9rv\u00e1r, 1838. okt. 22. a sz\u00e9kesegyh\u00e1z kript\u00e1j\u00e1ba temett\u00e9k: r. k. pap. \u2013 Gyulafeh\u00e9rv\u00e1ron szentelt\u00e9k papp\u00e1 (1793. m\u00e1rc. 31.). Tan\u00e1r Sz\u00e9kelyudvarhelyen (1790), majd Mv.-en tan\u00e1r \u00e9s k\u00e1pl\u00e1n, ut\u00e1na Kv.-on volt k\u00e1pl\u00e1n. Pl\u00e9b\u00e1nos (1795), ceremoni\u00e1rius (1800), p\u00fcsp\u00f6ki titk\u00e1r \u00e9s szentsz\u00e9ki \u00fcln\u00f6k (1801), esperes (1807), kanonok (1811), gimn. \u00e9s koll.-i igazgat\u00f3, mester-kanonok (1813). Irod.: Ferenczi S\u00e1ndor [&hellip;]<\/p>\n","protected":false},"featured_media":0,"comment_status":"open","ping_status":"closed","template":"","meta":[],"product_brand":[],"product_cat":[137],"product_tag":[],"class_list":{"0":"post-7581","1":"product","2":"type-product","3":"status-publish","5":"product_cat-maros-megyei-eletrajzi-lexikon","7":"first","8":"instock","9":"shipping-taxable","10":"product-type-simple"},"_links":{"self":[{"href":"https:\/\/uj.adatbank.ro\/lexikon\/wp-json\/wp\/v2\/product\/7581","targetHints":{"allow":["GET"]}}],"collection":[{"href":"https:\/\/uj.adatbank.ro\/lexikon\/wp-json\/wp\/v2\/product"}],"about":[{"href":"https:\/\/uj.adatbank.ro\/lexikon\/wp-json\/wp\/v2\/types\/product"}],"replies":[{"embeddable":true,"href":"https:\/\/uj.adatbank.ro\/lexikon\/wp-json\/wp\/v2\/comments?post=7581"}],"wp:attachment":[{"href":"https:\/\/uj.adatbank.ro\/lexikon\/wp-json\/wp\/v2\/media?parent=7581"}],"wp:term":[{"taxonomy":"product_brand","embeddable":true,"href":"https:\/\/uj.adatbank.ro\/lexikon\/wp-json\/wp\/v2\/product_brand?post=7581"},{"taxonomy":"product_cat","embeddable":true,"href":"https:\/\/uj.adatbank.ro\/lexikon\/wp-json\/wp\/v2\/product_cat?post=7581"},{"taxonomy":"product_tag","embeddable":true,"href":"https:\/\/uj.adatbank.ro\/lexikon\/wp-json\/wp\/v2\/product_tag?post=7581"}],"curies":[{"name":"wp","href":"https:\/\/api.w.org\/{rel}","templated":true}]}}