{"id":7584,"date":"2025-06-29T09:57:01","date_gmt":"2025-06-29T07:57:01","guid":{"rendered":"https:\/\/uj.adatbank.ro\/lexikon\/termek\/fangli-istvan-dr\/"},"modified":"2025-06-29T09:57:01","modified_gmt":"2025-06-29T07:57:01","slug":"fangli-istvan-dr","status":"publish","type":"product","link":"https:\/\/uj.adatbank.ro\/lexikon\/termek\/fangli-istvan-dr\/","title":{"rendered":"F\u00c1NGLI istv\u00e1n, dr."},"content":{"rendered":"<p>M\u00e1ramarossziget, 1941., \u2020 Mv., 2015: orvos. \u2013 Kv.-on v\u00e9gezte az orvosi egyetemet (1966). Katonaorvos (1966\u20131979), Mv.-en k\u00f6rzeti fogorvos (1979\u2013), fog\u00e1szati rendel\u0151t szervezett a 10-es k\u00f6rzetben \u00e9s a Matricon \u00fczemben. <br \/><strong>Irod.:<\/strong> Kiss Cs. M 4.<\/br><\/p>\n","protected":false},"excerpt":{"rendered":"<p>M\u00e1ramarossziget, 1941., \u2020 Mv., 2015: orvos. \u2013 Kv.-on v\u00e9gezte az orvosi egyetemet (1966). Katonaorvos (1966\u20131979), Mv.-en k\u00f6rzeti fogorvos (1979\u2013), fog\u00e1szati rendel\u0151t szervezett a 10-es k\u00f6rzetben \u00e9s a Matricon \u00fczemben. Irod.: Kiss Cs. M 4.<\/p>\n","protected":false},"featured_media":0,"comment_status":"open","ping_status":"closed","template":"","meta":[],"product_brand":[],"product_cat":[137],"product_tag":[],"class_list":{"0":"post-7584","1":"product","2":"type-product","3":"status-publish","5":"product_cat-maros-megyei-eletrajzi-lexikon","7":"first","8":"instock","9":"shipping-taxable","10":"product-type-simple"},"_links":{"self":[{"href":"https:\/\/uj.adatbank.ro\/lexikon\/wp-json\/wp\/v2\/product\/7584","targetHints":{"allow":["GET"]}}],"collection":[{"href":"https:\/\/uj.adatbank.ro\/lexikon\/wp-json\/wp\/v2\/product"}],"about":[{"href":"https:\/\/uj.adatbank.ro\/lexikon\/wp-json\/wp\/v2\/types\/product"}],"replies":[{"embeddable":true,"href":"https:\/\/uj.adatbank.ro\/lexikon\/wp-json\/wp\/v2\/comments?post=7584"}],"wp:attachment":[{"href":"https:\/\/uj.adatbank.ro\/lexikon\/wp-json\/wp\/v2\/media?parent=7584"}],"wp:term":[{"taxonomy":"product_brand","embeddable":true,"href":"https:\/\/uj.adatbank.ro\/lexikon\/wp-json\/wp\/v2\/product_brand?post=7584"},{"taxonomy":"product_cat","embeddable":true,"href":"https:\/\/uj.adatbank.ro\/lexikon\/wp-json\/wp\/v2\/product_cat?post=7584"},{"taxonomy":"product_tag","embeddable":true,"href":"https:\/\/uj.adatbank.ro\/lexikon\/wp-json\/wp\/v2\/product_tag?post=7584"}],"curies":[{"name":"wp","href":"https:\/\/api.w.org\/{rel}","templated":true}]}}