{"id":7586,"date":"2025-06-29T09:57:05","date_gmt":"2025-06-29T07:57:05","guid":{"rendered":"https:\/\/uj.adatbank.ro\/lexikon\/termek\/fankovich-laszlone\/"},"modified":"2025-06-29T09:57:05","modified_gmt":"2025-06-29T07:57:05","slug":"fankovich-laszlone","status":"publish","type":"product","link":"https:\/\/uj.adatbank.ro\/lexikon\/termek\/fankovich-laszlone\/","title":{"rendered":"FANKOVICH L\u00e1szl\u00f3n\u00e9"},"content":{"rendered":"<p>? \u2020\u00a0? : szerk. \u2013 Az iskolasz\u00e9k megb\u00edz\u00e1s\u00e1b\u00f3l szerkesztette a polg\u00e1ri le\u00e1nyiskola \u00e9rtes\u00edt\u0151j\u00e9t. \u2013 <strong>F. m.:<\/strong> A Dicss\u0151szentm\u00e1rtoni ref. polg\u00e1ri Le\u00e1nyiskola \u00e9rtes\u00edt\u0151je az 1925\u201326. iskolai \u00e9vr\u0151l \/ Szerk. F. L. -n\u00e9 (Dics\u0151szentm\u00e1rton, 1926). <br \/><strong>Irod.:<\/strong> Ferenczi 1928<\/br><\/p>\n","protected":false},"excerpt":{"rendered":"<p>? \u2020\u00a0? : szerk. \u2013 Az iskolasz\u00e9k megb\u00edz\u00e1s\u00e1b\u00f3l szerkesztette a polg\u00e1ri le\u00e1nyiskola \u00e9rtes\u00edt\u0151j\u00e9t. \u2013 F. m.: A Dicss\u0151szentm\u00e1rtoni ref. polg\u00e1ri Le\u00e1nyiskola \u00e9rtes\u00edt\u0151je az 1925\u201326. iskolai \u00e9vr\u0151l \/ Szerk. F. L. -n\u00e9 (Dics\u0151szentm\u00e1rton, 1926). Irod.: Ferenczi 1928<\/p>\n","protected":false},"featured_media":0,"comment_status":"open","ping_status":"closed","template":"","meta":[],"product_brand":[],"product_cat":[137],"product_tag":[],"class_list":{"0":"post-7586","1":"product","2":"type-product","3":"status-publish","5":"product_cat-maros-megyei-eletrajzi-lexikon","7":"first","8":"instock","9":"shipping-taxable","10":"product-type-simple"},"_links":{"self":[{"href":"https:\/\/uj.adatbank.ro\/lexikon\/wp-json\/wp\/v2\/product\/7586","targetHints":{"allow":["GET"]}}],"collection":[{"href":"https:\/\/uj.adatbank.ro\/lexikon\/wp-json\/wp\/v2\/product"}],"about":[{"href":"https:\/\/uj.adatbank.ro\/lexikon\/wp-json\/wp\/v2\/types\/product"}],"replies":[{"embeddable":true,"href":"https:\/\/uj.adatbank.ro\/lexikon\/wp-json\/wp\/v2\/comments?post=7586"}],"wp:attachment":[{"href":"https:\/\/uj.adatbank.ro\/lexikon\/wp-json\/wp\/v2\/media?parent=7586"}],"wp:term":[{"taxonomy":"product_brand","embeddable":true,"href":"https:\/\/uj.adatbank.ro\/lexikon\/wp-json\/wp\/v2\/product_brand?post=7586"},{"taxonomy":"product_cat","embeddable":true,"href":"https:\/\/uj.adatbank.ro\/lexikon\/wp-json\/wp\/v2\/product_cat?post=7586"},{"taxonomy":"product_tag","embeddable":true,"href":"https:\/\/uj.adatbank.ro\/lexikon\/wp-json\/wp\/v2\/product_tag?post=7586"}],"curies":[{"name":"wp","href":"https:\/\/api.w.org\/{rel}","templated":true}]}}