{"id":7588,"date":"2025-06-29T09:57:08","date_gmt":"2025-06-29T07:57:08","guid":{"rendered":"https:\/\/uj.adatbank.ro\/lexikon\/termek\/farago-andras-mezomadarasi\/"},"modified":"2025-06-29T09:57:08","modified_gmt":"2025-06-29T07:57:08","slug":"farago-andras-mezomadarasi","status":"publish","type":"product","link":"https:\/\/uj.adatbank.ro\/lexikon\/termek\/farago-andras-mezomadarasi\/","title":{"rendered":"FARAG\u00d3 Andr\u00e1s, mez\u0151madarasi"},"content":{"rendered":"<p>? \u2020\u00a0?: kapit\u00e1ny. \u2013 Feles\u00e9ge: 1.?; 2. vajdaszentiv\u00e1nyi Bodoni Zsuzsa. \u2013 I. R\u00e1k\u00f3czi Gy\u00f6rgy idej\u00e9n a mezei hadak kapit\u00e1nya volt. A fejedelem vad\u00e1szatb\u00f3l j\u0151vet Mv.-en eb\u00e9delt \u00e9s megmustr\u00e1lta F. A. kapit\u00e1ny mezei hadait (1633). <br \/><strong>Irod.:<\/strong> Id\u0151t\u00e1r 1; Vajdaszentiv\u00e1ny<\/br><\/p>\n","protected":false},"excerpt":{"rendered":"<p>? \u2020\u00a0?: kapit\u00e1ny. \u2013 Feles\u00e9ge: 1.?; 2. vajdaszentiv\u00e1nyi Bodoni Zsuzsa. \u2013 I. R\u00e1k\u00f3czi Gy\u00f6rgy idej\u00e9n a mezei hadak kapit\u00e1nya volt. A fejedelem vad\u00e1szatb\u00f3l j\u0151vet Mv.-en eb\u00e9delt \u00e9s megmustr\u00e1lta F. A. kapit\u00e1ny mezei hadait (1633). Irod.: Id\u0151t\u00e1r 1; Vajdaszentiv\u00e1ny<\/p>\n","protected":false},"featured_media":0,"comment_status":"open","ping_status":"closed","template":"","meta":[],"product_brand":[],"product_cat":[137],"product_tag":[],"class_list":{"0":"post-7588","1":"product","2":"type-product","3":"status-publish","5":"product_cat-maros-megyei-eletrajzi-lexikon","7":"first","8":"instock","9":"shipping-taxable","10":"product-type-simple"},"_links":{"self":[{"href":"https:\/\/uj.adatbank.ro\/lexikon\/wp-json\/wp\/v2\/product\/7588","targetHints":{"allow":["GET"]}}],"collection":[{"href":"https:\/\/uj.adatbank.ro\/lexikon\/wp-json\/wp\/v2\/product"}],"about":[{"href":"https:\/\/uj.adatbank.ro\/lexikon\/wp-json\/wp\/v2\/types\/product"}],"replies":[{"embeddable":true,"href":"https:\/\/uj.adatbank.ro\/lexikon\/wp-json\/wp\/v2\/comments?post=7588"}],"wp:attachment":[{"href":"https:\/\/uj.adatbank.ro\/lexikon\/wp-json\/wp\/v2\/media?parent=7588"}],"wp:term":[{"taxonomy":"product_brand","embeddable":true,"href":"https:\/\/uj.adatbank.ro\/lexikon\/wp-json\/wp\/v2\/product_brand?post=7588"},{"taxonomy":"product_cat","embeddable":true,"href":"https:\/\/uj.adatbank.ro\/lexikon\/wp-json\/wp\/v2\/product_cat?post=7588"},{"taxonomy":"product_tag","embeddable":true,"href":"https:\/\/uj.adatbank.ro\/lexikon\/wp-json\/wp\/v2\/product_tag?post=7588"}],"curies":[{"name":"wp","href":"https:\/\/api.w.org\/{rel}","templated":true}]}}