{"id":7590,"date":"2025-06-29T09:57:13","date_gmt":"2025-06-29T07:57:13","guid":{"rendered":"https:\/\/uj.adatbank.ro\/lexikon\/termek\/farago-erzsebet\/"},"modified":"2025-06-29T09:57:13","modified_gmt":"2025-06-29T07:57:13","slug":"farago-erzsebet","status":"publish","type":"product","link":"https:\/\/uj.adatbank.ro\/lexikon\/termek\/farago-erzsebet\/","title":{"rendered":"FARAG\u00d3 Erzs\u00e9bet"},"content":{"rendered":"<p>\u2020\u00a0? : tan\u00e1r. \u2013 Farag\u00f3 P\u00e1l m\u00e9rn\u00f6k le\u00e1nya. \u2013 Matematika tan\u00e1r<\/br><\/p>\n","protected":false},"excerpt":{"rendered":"<p>\u2020\u00a0? : tan\u00e1r. \u2013 Farag\u00f3 P\u00e1l m\u00e9rn\u00f6k le\u00e1nya. \u2013 Matematika tan\u00e1r<\/p>\n","protected":false},"featured_media":0,"comment_status":"open","ping_status":"closed","template":"","meta":[],"product_brand":[],"product_cat":[137],"product_tag":[],"class_list":{"0":"post-7590","1":"product","2":"type-product","3":"status-publish","5":"product_cat-maros-megyei-eletrajzi-lexikon","7":"first","8":"instock","9":"shipping-taxable","10":"product-type-simple"},"_links":{"self":[{"href":"https:\/\/uj.adatbank.ro\/lexikon\/wp-json\/wp\/v2\/product\/7590","targetHints":{"allow":["GET"]}}],"collection":[{"href":"https:\/\/uj.adatbank.ro\/lexikon\/wp-json\/wp\/v2\/product"}],"about":[{"href":"https:\/\/uj.adatbank.ro\/lexikon\/wp-json\/wp\/v2\/types\/product"}],"replies":[{"embeddable":true,"href":"https:\/\/uj.adatbank.ro\/lexikon\/wp-json\/wp\/v2\/comments?post=7590"}],"wp:attachment":[{"href":"https:\/\/uj.adatbank.ro\/lexikon\/wp-json\/wp\/v2\/media?parent=7590"}],"wp:term":[{"taxonomy":"product_brand","embeddable":true,"href":"https:\/\/uj.adatbank.ro\/lexikon\/wp-json\/wp\/v2\/product_brand?post=7590"},{"taxonomy":"product_cat","embeddable":true,"href":"https:\/\/uj.adatbank.ro\/lexikon\/wp-json\/wp\/v2\/product_cat?post=7590"},{"taxonomy":"product_tag","embeddable":true,"href":"https:\/\/uj.adatbank.ro\/lexikon\/wp-json\/wp\/v2\/product_tag?post=7590"}],"curies":[{"name":"wp","href":"https:\/\/api.w.org\/{rel}","templated":true}]}}