{"id":7598,"date":"2025-06-29T09:57:27","date_gmt":"2025-06-29T07:57:27","guid":{"rendered":"https:\/\/uj.adatbank.ro\/lexikon\/termek\/farcas-ioan\/"},"modified":"2025-06-29T09:57:27","modified_gmt":"2025-06-29T07:57:27","slug":"farcas-ioan","status":"publish","type":"product","link":"https:\/\/uj.adatbank.ro\/lexikon\/termek\/farcas-ioan\/","title":{"rendered":"F\u0102RCA\u015e Ioan"},"content":{"rendered":"<p>Hod\u00e1k, 1901., \u2020\u00a0Buk., 1964.: \u00fcgyv\u00e9d. \u2013 Mv.-en \u00e9retts\u00e9gizett, a jogot Kv.-on v\u00e9gezte. Buk. -be ker\u00fclt az egyetem \u00e9s N. Iorga titk\u00e1rak\u00e9nt. Tagja, majd titk\u00e1ra a \u201eLiga cultural\u0103\u201d-nak (1931\u201334). N. Iorga hal\u00e1la ut\u00e1n k\u00f6z\u00f6lte a megeml\u00e9kez\u00e9s\u00e9t, amely fontos \u00e9letrajzi adatokat tartalmaz a nagy szem\u00e9lyis\u00e9g \u00e9let\u00e9b\u0151l. \u2013 <strong>F. m.:<\/strong> Momente din via\u0163a profesorulu N. Iorga (1941). <br \/><strong>Irod.:<\/strong> Netea: Mure\u015ful superior<\/br><\/p>\n","protected":false},"excerpt":{"rendered":"<p>Hod\u00e1k, 1901., \u2020\u00a0Buk., 1964.: \u00fcgyv\u00e9d. \u2013 Mv.-en \u00e9retts\u00e9gizett, a jogot Kv.-on v\u00e9gezte. Buk. -be ker\u00fclt az egyetem \u00e9s N. Iorga titk\u00e1rak\u00e9nt. Tagja, majd titk\u00e1ra a \u201eLiga cultural\u0103\u201d-nak (1931\u201334). N. Iorga hal\u00e1la ut\u00e1n k\u00f6z\u00f6lte a megeml\u00e9kez\u00e9s\u00e9t, amely fontos \u00e9letrajzi adatokat tartalmaz a nagy szem\u00e9lyis\u00e9g \u00e9let\u00e9b\u0151l. \u2013 F. m.: Momente din via\u0163a profesorulu N. Iorga (1941). Irod.: [&hellip;]<\/p>\n","protected":false},"featured_media":0,"comment_status":"open","ping_status":"closed","template":"","meta":[],"product_brand":[],"product_cat":[137],"product_tag":[],"class_list":{"0":"post-7598","1":"product","2":"type-product","3":"status-publish","5":"product_cat-maros-megyei-eletrajzi-lexikon","7":"first","8":"instock","9":"shipping-taxable","10":"product-type-simple"},"_links":{"self":[{"href":"https:\/\/uj.adatbank.ro\/lexikon\/wp-json\/wp\/v2\/product\/7598","targetHints":{"allow":["GET"]}}],"collection":[{"href":"https:\/\/uj.adatbank.ro\/lexikon\/wp-json\/wp\/v2\/product"}],"about":[{"href":"https:\/\/uj.adatbank.ro\/lexikon\/wp-json\/wp\/v2\/types\/product"}],"replies":[{"embeddable":true,"href":"https:\/\/uj.adatbank.ro\/lexikon\/wp-json\/wp\/v2\/comments?post=7598"}],"wp:attachment":[{"href":"https:\/\/uj.adatbank.ro\/lexikon\/wp-json\/wp\/v2\/media?parent=7598"}],"wp:term":[{"taxonomy":"product_brand","embeddable":true,"href":"https:\/\/uj.adatbank.ro\/lexikon\/wp-json\/wp\/v2\/product_brand?post=7598"},{"taxonomy":"product_cat","embeddable":true,"href":"https:\/\/uj.adatbank.ro\/lexikon\/wp-json\/wp\/v2\/product_cat?post=7598"},{"taxonomy":"product_tag","embeddable":true,"href":"https:\/\/uj.adatbank.ro\/lexikon\/wp-json\/wp\/v2\/product_tag?post=7598"}],"curies":[{"name":"wp","href":"https:\/\/api.w.org\/{rel}","templated":true}]}}