{"id":7602,"date":"2025-06-29T09:57:35","date_gmt":"2025-06-29T07:57:35","guid":{"rendered":"https:\/\/uj.adatbank.ro\/lexikon\/termek\/farcas-stefan\/"},"modified":"2025-06-29T09:57:35","modified_gmt":"2025-06-29T07:57:35","slug":"farcas-stefan","status":"publish","type":"product","link":"https:\/\/uj.adatbank.ro\/lexikon\/termek\/farcas-stefan\/","title":{"rendered":"F\u0102RCA\u015e \u015etefan"},"content":{"rendered":"<p>1790., \u2020 1868. j\u00fan. 30.: ort. pap. \u2013 G\u00f6rg\u00e9nyhod\u00e1kban szolg\u00e1lt (1812). Csal\u00e1dj\u00e1ban ap\u00e1r\u00f3l fi\u00fara sz\u00e1llt a papi tev\u00e9kenys\u00e9g, ebb\u0151l a csal\u00e1db\u00f3l ker\u00fcltek ki a falu g. kat papjai \u00e9veken kereszt\u00fcl. Id\u0151s kor\u00e1ban fi\u00e1t, Aront, tett\u00e9k mell\u00e9 k\u00e1pl\u00e1nnak (1855\u2013), aki majd \u00e1t is vette a pl\u00e9b\u00e1ni\u00e1t. N\u0151s\u00e9l\u00fcl\u00e9se ut\u00e1n szentelt\u00e9k papp\u00e1, A. \u015eaguna p\u00fcsp\u00f6k j\u00f3v\u00e1hagy\u00e1s\u00e1val. <br \/><strong>Irod.:<\/strong> Dobozi<\/br><\/p>\n","protected":false},"excerpt":{"rendered":"<p>1790., \u2020 1868. j\u00fan. 30.: ort. pap. \u2013 G\u00f6rg\u00e9nyhod\u00e1kban szolg\u00e1lt (1812). Csal\u00e1dj\u00e1ban ap\u00e1r\u00f3l fi\u00fara sz\u00e1llt a papi tev\u00e9kenys\u00e9g, ebb\u0151l a csal\u00e1db\u00f3l ker\u00fcltek ki a falu g. kat papjai \u00e9veken kereszt\u00fcl. Id\u0151s kor\u00e1ban fi\u00e1t, Aront, tett\u00e9k mell\u00e9 k\u00e1pl\u00e1nnak (1855\u2013), aki majd \u00e1t is vette a pl\u00e9b\u00e1ni\u00e1t. N\u0151s\u00e9l\u00fcl\u00e9se ut\u00e1n szentelt\u00e9k papp\u00e1, A. \u015eaguna p\u00fcsp\u00f6k j\u00f3v\u00e1hagy\u00e1s\u00e1val. Irod.: Dobozi<\/p>\n","protected":false},"featured_media":0,"comment_status":"open","ping_status":"closed","template":"","meta":[],"product_brand":[],"product_cat":[137],"product_tag":[],"class_list":{"0":"post-7602","1":"product","2":"type-product","3":"status-publish","5":"product_cat-maros-megyei-eletrajzi-lexikon","7":"first","8":"instock","9":"shipping-taxable","10":"product-type-simple"},"_links":{"self":[{"href":"https:\/\/uj.adatbank.ro\/lexikon\/wp-json\/wp\/v2\/product\/7602","targetHints":{"allow":["GET"]}}],"collection":[{"href":"https:\/\/uj.adatbank.ro\/lexikon\/wp-json\/wp\/v2\/product"}],"about":[{"href":"https:\/\/uj.adatbank.ro\/lexikon\/wp-json\/wp\/v2\/types\/product"}],"replies":[{"embeddable":true,"href":"https:\/\/uj.adatbank.ro\/lexikon\/wp-json\/wp\/v2\/comments?post=7602"}],"wp:attachment":[{"href":"https:\/\/uj.adatbank.ro\/lexikon\/wp-json\/wp\/v2\/media?parent=7602"}],"wp:term":[{"taxonomy":"product_brand","embeddable":true,"href":"https:\/\/uj.adatbank.ro\/lexikon\/wp-json\/wp\/v2\/product_brand?post=7602"},{"taxonomy":"product_cat","embeddable":true,"href":"https:\/\/uj.adatbank.ro\/lexikon\/wp-json\/wp\/v2\/product_cat?post=7602"},{"taxonomy":"product_tag","embeddable":true,"href":"https:\/\/uj.adatbank.ro\/lexikon\/wp-json\/wp\/v2\/product_tag?post=7602"}],"curies":[{"name":"wp","href":"https:\/\/api.w.org\/{rel}","templated":true}]}}