{"id":7610,"date":"2025-06-29T09:57:49","date_gmt":"2025-06-29T07:57:49","guid":{"rendered":"https:\/\/uj.adatbank.ro\/lexikon\/termek\/farczadi-gyorgy\/"},"modified":"2025-06-29T09:57:49","modified_gmt":"2025-06-29T07:57:49","slug":"farczadi-gyorgy","status":"publish","type":"product","link":"https:\/\/uj.adatbank.ro\/lexikon\/termek\/farczadi-gyorgy\/","title":{"rendered":"FARCZ\u00c1DI Gy\u00f6rgy"},"content":{"rendered":"<p>? \u2020? : ref. tan\u00edt\u00f3. \u2013 Marosszentann\u00e1n tan\u00edt\u00f3mester (1744\u20131746). <br \/><strong>Irod.:<\/strong> Imreh Barna<\/br><\/p>\n","protected":false},"excerpt":{"rendered":"<p>? \u2020? : ref. tan\u00edt\u00f3. \u2013 Marosszentann\u00e1n tan\u00edt\u00f3mester (1744\u20131746). Irod.: Imreh Barna<\/p>\n","protected":false},"featured_media":0,"comment_status":"open","ping_status":"closed","template":"","meta":[],"product_brand":[],"product_cat":[137],"product_tag":[],"class_list":{"0":"post-7610","1":"product","2":"type-product","3":"status-publish","5":"product_cat-maros-megyei-eletrajzi-lexikon","7":"first","8":"instock","9":"shipping-taxable","10":"product-type-simple"},"_links":{"self":[{"href":"https:\/\/uj.adatbank.ro\/lexikon\/wp-json\/wp\/v2\/product\/7610","targetHints":{"allow":["GET"]}}],"collection":[{"href":"https:\/\/uj.adatbank.ro\/lexikon\/wp-json\/wp\/v2\/product"}],"about":[{"href":"https:\/\/uj.adatbank.ro\/lexikon\/wp-json\/wp\/v2\/types\/product"}],"replies":[{"embeddable":true,"href":"https:\/\/uj.adatbank.ro\/lexikon\/wp-json\/wp\/v2\/comments?post=7610"}],"wp:attachment":[{"href":"https:\/\/uj.adatbank.ro\/lexikon\/wp-json\/wp\/v2\/media?parent=7610"}],"wp:term":[{"taxonomy":"product_brand","embeddable":true,"href":"https:\/\/uj.adatbank.ro\/lexikon\/wp-json\/wp\/v2\/product_brand?post=7610"},{"taxonomy":"product_cat","embeddable":true,"href":"https:\/\/uj.adatbank.ro\/lexikon\/wp-json\/wp\/v2\/product_cat?post=7610"},{"taxonomy":"product_tag","embeddable":true,"href":"https:\/\/uj.adatbank.ro\/lexikon\/wp-json\/wp\/v2\/product_tag?post=7610"}],"curies":[{"name":"wp","href":"https:\/\/api.w.org\/{rel}","templated":true}]}}