{"id":7612,"date":"2025-06-29T09:57:52","date_gmt":"2025-06-29T07:57:52","guid":{"rendered":"https:\/\/uj.adatbank.ro\/lexikon\/termek\/farczadi-jozsef\/"},"modified":"2025-06-29T09:57:52","modified_gmt":"2025-06-29T07:57:52","slug":"farczadi-jozsef","status":"publish","type":"product","link":"https:\/\/uj.adatbank.ro\/lexikon\/termek\/farczadi-jozsef\/","title":{"rendered":"FARCZ\u00c1DI J\u00f3zsef"},"content":{"rendered":"<p>? \u2020 ? : ref. tan\u00edt\u00f3. \u2013 Mv.-en subscrib\u00e1lt (1742). Mester Magyarr\u00e9genben (1746\u201347), Mez\u0151cs\u00e1v\u00e1son (1747), Somosdon (1749\u201350), Vajdaszentiv\u00e1nyban (1753\u201358), Nagy\u00f6lyvesen (1759), Mez\u0151fel\u00e9ben (1767\u201368) \u00e9s Kisg\u00f6r\u00e9nyben (1769 \u2013 l\u00e9vita). <br \/><strong>Irod.:<\/strong> Imreh Barna; \u0150sz<\/br><\/p>\n","protected":false},"excerpt":{"rendered":"<p>? \u2020 ? : ref. tan\u00edt\u00f3. \u2013 Mv.-en subscrib\u00e1lt (1742). Mester Magyarr\u00e9genben (1746\u201347), Mez\u0151cs\u00e1v\u00e1son (1747), Somosdon (1749\u201350), Vajdaszentiv\u00e1nyban (1753\u201358), Nagy\u00f6lyvesen (1759), Mez\u0151fel\u00e9ben (1767\u201368) \u00e9s Kisg\u00f6r\u00e9nyben (1769 \u2013 l\u00e9vita). Irod.: Imreh Barna; \u0150sz<\/p>\n","protected":false},"featured_media":0,"comment_status":"open","ping_status":"closed","template":"","meta":[],"product_brand":[],"product_cat":[137],"product_tag":[],"class_list":{"0":"post-7612","1":"product","2":"type-product","3":"status-publish","5":"product_cat-maros-megyei-eletrajzi-lexikon","7":"first","8":"instock","9":"shipping-taxable","10":"product-type-simple"},"_links":{"self":[{"href":"https:\/\/uj.adatbank.ro\/lexikon\/wp-json\/wp\/v2\/product\/7612","targetHints":{"allow":["GET"]}}],"collection":[{"href":"https:\/\/uj.adatbank.ro\/lexikon\/wp-json\/wp\/v2\/product"}],"about":[{"href":"https:\/\/uj.adatbank.ro\/lexikon\/wp-json\/wp\/v2\/types\/product"}],"replies":[{"embeddable":true,"href":"https:\/\/uj.adatbank.ro\/lexikon\/wp-json\/wp\/v2\/comments?post=7612"}],"wp:attachment":[{"href":"https:\/\/uj.adatbank.ro\/lexikon\/wp-json\/wp\/v2\/media?parent=7612"}],"wp:term":[{"taxonomy":"product_brand","embeddable":true,"href":"https:\/\/uj.adatbank.ro\/lexikon\/wp-json\/wp\/v2\/product_brand?post=7612"},{"taxonomy":"product_cat","embeddable":true,"href":"https:\/\/uj.adatbank.ro\/lexikon\/wp-json\/wp\/v2\/product_cat?post=7612"},{"taxonomy":"product_tag","embeddable":true,"href":"https:\/\/uj.adatbank.ro\/lexikon\/wp-json\/wp\/v2\/product_tag?post=7612"}],"curies":[{"name":"wp","href":"https:\/\/api.w.org\/{rel}","templated":true}]}}