{"id":7613,"date":"2025-06-29T09:57:56","date_gmt":"2025-06-29T07:57:56","guid":{"rendered":"https:\/\/uj.adatbank.ro\/lexikon\/termek\/farczadi-k-jozsef-farczadi-jozsef\/"},"modified":"2025-06-29T09:57:56","modified_gmt":"2025-06-29T07:57:56","slug":"farczadi-k-jozsef-farczadi-jozsef","status":"publish","type":"product","link":"https:\/\/uj.adatbank.ro\/lexikon\/termek\/farczadi-k-jozsef-farczadi-jozsef\/","title":{"rendered":"FARCZ\u00c1DI K. J\u00f3zsef, Farcz\u00e1di J\u00f3zsef"},"content":{"rendered":"<p>1794.? \u2020\u00a0Mv., 1865. nov. 24.: k\u00f6z\u00fcgyigazgat\u00f3, v\u00e1rosi k\u00e9pvisel\u0151. \u2013 Feles\u00e9ge: Zahratka Anna (1795-Mv., 1845. j\u00fan. 12). Le\u00e1nyai: Emilia \u00fcgyv\u00e9d Petri \u00c1d\u00e1mn\u00e9; Anna. \u2013 Mv.-i k\u00f6z\u00fcgyigazgat\u00f3 (1825). <br \/><strong>Irod.:<\/strong> Gy\u00e1szjelent\u0151; P\u00e1l-Antal 2009<\/br><\/p>\n","protected":false},"excerpt":{"rendered":"<p>1794.? \u2020\u00a0Mv., 1865. nov. 24.: k\u00f6z\u00fcgyigazgat\u00f3, v\u00e1rosi k\u00e9pvisel\u0151. \u2013 Feles\u00e9ge: Zahratka Anna (1795-Mv., 1845. j\u00fan. 12). Le\u00e1nyai: Emilia \u00fcgyv\u00e9d Petri \u00c1d\u00e1mn\u00e9; Anna. \u2013 Mv.-i k\u00f6z\u00fcgyigazgat\u00f3 (1825). Irod.: Gy\u00e1szjelent\u0151; P\u00e1l-Antal 2009<\/p>\n","protected":false},"featured_media":0,"comment_status":"open","ping_status":"closed","template":"","meta":[],"product_brand":[],"product_cat":[137],"product_tag":[],"class_list":{"0":"post-7613","1":"product","2":"type-product","3":"status-publish","5":"product_cat-maros-megyei-eletrajzi-lexikon","7":"first","8":"instock","9":"shipping-taxable","10":"product-type-simple"},"_links":{"self":[{"href":"https:\/\/uj.adatbank.ro\/lexikon\/wp-json\/wp\/v2\/product\/7613","targetHints":{"allow":["GET"]}}],"collection":[{"href":"https:\/\/uj.adatbank.ro\/lexikon\/wp-json\/wp\/v2\/product"}],"about":[{"href":"https:\/\/uj.adatbank.ro\/lexikon\/wp-json\/wp\/v2\/types\/product"}],"replies":[{"embeddable":true,"href":"https:\/\/uj.adatbank.ro\/lexikon\/wp-json\/wp\/v2\/comments?post=7613"}],"wp:attachment":[{"href":"https:\/\/uj.adatbank.ro\/lexikon\/wp-json\/wp\/v2\/media?parent=7613"}],"wp:term":[{"taxonomy":"product_brand","embeddable":true,"href":"https:\/\/uj.adatbank.ro\/lexikon\/wp-json\/wp\/v2\/product_brand?post=7613"},{"taxonomy":"product_cat","embeddable":true,"href":"https:\/\/uj.adatbank.ro\/lexikon\/wp-json\/wp\/v2\/product_cat?post=7613"},{"taxonomy":"product_tag","embeddable":true,"href":"https:\/\/uj.adatbank.ro\/lexikon\/wp-json\/wp\/v2\/product_tag?post=7613"}],"curies":[{"name":"wp","href":"https:\/\/api.w.org\/{rel}","templated":true}]}}